{"id":18291,"date":"2024-05-14T11:50:22","date_gmt":"2024-05-14T11:50:22","guid":{"rendered":"https:\/\/ditcombi.com\/conditions-generales-de-vente\/"},"modified":"2024-06-05T08:22:09","modified_gmt":"2024-06-05T08:22:09","slug":"conditions-generales-de-vente","status":"publish","type":"page","link":"https:\/\/ditcombi.com\/fr\/conditions-generales-de-vente\/","title":{"rendered":"Conditions g\u00e9n\u00e9rales de vente"},"content":{"rendered":"\t\t<div data-elementor-type=\"wp-page\" data-elementor-id=\"18291\" class=\"elementor elementor-18291 elementor-16068\" data-elementor-settings=\"{&quot;element_pack_global_tooltip_width&quot;:{&quot;unit&quot;:&quot;px&quot;,&quot;size&quot;:&quot;&quot;,&quot;sizes&quot;:[]},&quot;element_pack_global_tooltip_width_tablet&quot;:{&quot;unit&quot;:&quot;px&quot;,&quot;size&quot;:&quot;&quot;,&quot;sizes&quot;:[]},&quot;element_pack_global_tooltip_width_mobile&quot;:{&quot;unit&quot;:&quot;px&quot;,&quot;size&quot;:&quot;&quot;,&quot;sizes&quot;:[]},&quot;element_pack_global_tooltip_padding&quot;:{&quot;unit&quot;:&quot;px&quot;,&quot;top&quot;:&quot;&quot;,&quot;right&quot;:&quot;&quot;,&quot;bottom&quot;:&quot;&quot;,&quot;left&quot;:&quot;&quot;,&quot;isLinked&quot;:true},&quot;element_pack_global_tooltip_padding_tablet&quot;:{&quot;unit&quot;:&quot;px&quot;,&quot;top&quot;:&quot;&quot;,&quot;right&quot;:&quot;&quot;,&quot;bottom&quot;:&quot;&quot;,&quot;left&quot;:&quot;&quot;,&quot;isLinked&quot;:true},&quot;element_pack_global_tooltip_padding_mobile&quot;:{&quot;unit&quot;:&quot;px&quot;,&quot;top&quot;:&quot;&quot;,&quot;right&quot;:&quot;&quot;,&quot;bottom&quot;:&quot;&quot;,&quot;left&quot;:&quot;&quot;,&quot;isLinked&quot;:true},&quot;element_pack_global_tooltip_border_radius&quot;:{&quot;unit&quot;:&quot;px&quot;,&quot;top&quot;:&quot;&quot;,&quot;right&quot;:&quot;&quot;,&quot;bottom&quot;:&quot;&quot;,&quot;left&quot;:&quot;&quot;,&quot;isLinked&quot;:true},&quot;element_pack_global_tooltip_border_radius_tablet&quot;:{&quot;unit&quot;:&quot;px&quot;,&quot;top&quot;:&quot;&quot;,&quot;right&quot;:&quot;&quot;,&quot;bottom&quot;:&quot;&quot;,&quot;left&quot;:&quot;&quot;,&quot;isLinked&quot;:true},&quot;element_pack_global_tooltip_border_radius_mobile&quot;:{&quot;unit&quot;:&quot;px&quot;,&quot;top&quot;:&quot;&quot;,&quot;right&quot;:&quot;&quot;,&quot;bottom&quot;:&quot;&quot;,&quot;left&quot;:&quot;&quot;,&quot;isLinked&quot;:true}}\" data-elementor-post-type=\"page\">\n\t\t\t\t\t\t<section class=\"elementor-section elementor-top-section elementor-element elementor-element-71da7a5 elementor-section-boxed elementor-section-height-default elementor-section-height-default\" data-id=\"71da7a5\" data-element_type=\"section\" data-settings=\"{&quot;jet_parallax_layout_list&quot;:[{&quot;jet_parallax_layout_image&quot;:{&quot;url&quot;:&quot;&quot;,&quot;id&quot;:&quot;&quot;,&quot;size&quot;:&quot;&quot;},&quot;_id&quot;:&quot;a77957c&quot;,&quot;jet_parallax_layout_image_tablet&quot;:{&quot;url&quot;:&quot;&quot;,&quot;id&quot;:&quot;&quot;,&quot;size&quot;:&quot;&quot;},&quot;jet_parallax_layout_image_mobile&quot;:{&quot;url&quot;:&quot;&quot;,&quot;id&quot;:&quot;&quot;,&quot;size&quot;:&quot;&quot;},&quot;jet_parallax_layout_speed&quot;:{&quot;unit&quot;:&quot;%&quot;,&quot;size&quot;:50,&quot;sizes&quot;:[]},&quot;jet_parallax_layout_type&quot;:&quot;scroll&quot;,&quot;jet_parallax_layout_direction&quot;:&quot;1&quot;,&quot;jet_parallax_layout_fx_direction&quot;:null,&quot;jet_parallax_layout_z_index&quot;:&quot;&quot;,&quot;jet_parallax_layout_bg_x&quot;:50,&quot;jet_parallax_layout_bg_x_tablet&quot;:&quot;&quot;,&quot;jet_parallax_layout_bg_x_mobile&quot;:&quot;&quot;,&quot;jet_parallax_layout_bg_y&quot;:50,&quot;jet_parallax_layout_bg_y_tablet&quot;:&quot;&quot;,&quot;jet_parallax_layout_bg_y_mobile&quot;:&quot;&quot;,&quot;jet_parallax_layout_bg_size&quot;:&quot;auto&quot;,&quot;jet_parallax_layout_bg_size_tablet&quot;:&quot;&quot;,&quot;jet_parallax_layout_bg_size_mobile&quot;:&quot;&quot;,&quot;jet_parallax_layout_animation_prop&quot;:&quot;transform&quot;,&quot;jet_parallax_layout_on&quot;:[&quot;desktop&quot;,&quot;tablet&quot;]}],&quot;background_background&quot;:&quot;classic&quot;}\">\n\t\t\t\t\t\t<div class=\"elementor-container elementor-column-gap-default\">\n\t\t\t\t\t<div class=\"elementor-column elementor-col-100 elementor-top-column elementor-element elementor-element-33d7b4a\" data-id=\"33d7b4a\" data-element_type=\"column\" data-settings=\"{&quot;background_background&quot;:&quot;classic&quot;}\">\n\t\t\t<div class=\"elementor-widget-wrap elementor-element-populated\">\n\t\t\t\t\t\t<div class=\"elementor-element elementor-element-fee787b elementor-widget elementor-widget-heading\" data-id=\"fee787b\" data-element_type=\"widget\" data-widget_type=\"heading.default\">\n\t\t\t\t<div class=\"elementor-widget-container\">\n\t\t\t\t\t<p class=\"elementor-heading-title elementor-size-default\">Conditions g\u00e9n\u00e9rales de vente<\/p>\t\t\t\t<\/div>\n\t\t\t\t<\/div>\n\t\t\t\t<div class=\"elementor-element elementor-element-274517d elementor-widget-divider--view-line elementor-widget elementor-widget-divider\" data-id=\"274517d\" data-element_type=\"widget\" data-widget_type=\"divider.default\">\n\t\t\t\t<div class=\"elementor-widget-container\">\n\t\t\t\t\t\t\t<div class=\"elementor-divider\">\n\t\t\t<span class=\"elementor-divider-separator\">\n\t\t\t\t\t\t<\/span>\n\t\t<\/div>\n\t\t\t\t\t\t<\/div>\n\t\t\t\t<\/div>\n\t\t\t\t<div class=\"elementor-element elementor-element-ea5ef20 elementor-widget elementor-widget-text-editor\" data-id=\"ea5ef20\" data-element_type=\"widget\" data-widget_type=\"text-editor.default\">\n\t\t\t\t<div class=\"elementor-widget-container\">\n\t\t\t\t\t\t\t\t\t<p><strong>I. COORDONN\u00c9ES DE L&rsquo;ENTREPRISE<\/strong><\/p>\n<p>DIT Combi Sp. z o. o.<br \/>ul. Zbigniewa Romaszewskiego 20<br \/>62-080 Tarnowo-Podg\u00f3rne<br \/>Pologne<\/p>\n<p>(Grande-Pologne)<br \/>(UE)<\/p>\n<p>NIP [Num\u00e9ro identifiant TVA] : 7811933947<br \/>REGON [Num\u00e9ro d&rsquo;inscription de l&rsquo;entreprise au R\u00e9pertoire National des Entreprises] : 365598931<br \/>KRS [Registre National Juridique] : 0000641292<\/p>\n<p><strong>II. CONDITIONS G\u00c9N\u00c9RALES DE VENTE<\/strong><\/p>\n<p><strong style=\"font-size: 15px; color: var( --e-global-color-secondary );\">1.<\/strong><span style=\"font-size: 15px; color: var( --e-global-color-secondary );\">Lors de la cr\u00e9ation de votre compte pour acc\u00e9der \u00e0 notre boutique en ligne, veuillez indiquer votre num\u00e9ro identifiant TVA (NIP) pour que les montants TTC soient correctement calcul\u00e9s.<\/span><\/p>\n<p><strong>2.<\/strong> L&rsquo;ensemble des prix dans notre boutique sont Ex Works, les prix de d\u00e9tail sugg\u00e9r\u00e9s pour les utilisateurs finaux sont exprim\u00e9s en PLN, hors TVA (le TVA est un taxe indicatif de 23% qui est \u00e9galement indiqu\u00e9 sur la page de l&rsquo;entreprise \u00e0 des fins de clart\u00e9 pour les utilisateurs finaux de l&rsquo;UE).<\/p>\n<p><strong>III. CONDITIONS DE LIVRAISON<\/strong><\/p>\n<p><strong>1.<\/strong> \u2060Les marchandises commande\u00e9s sont exp\u00e9di\u00e9es sous 2 jours ouvrables \u00e0 compter de la date de r\u00e9ception de paiement. Compte tenu du d\u00e9lai de livraison par le prestataire de transport externe, ce temps-l\u00e0 peut atteindre pour les clients de l&rsquo;UE jusqu&rsquo;\u00e0 6 jours ouvrables depuis la date de paiement.<\/p>\n<p><strong>2.<\/strong> Pour les achats dont le montant exc\u00e8de 1600 PLN hors TVA, la livraison est gratuite partout en Pologne.<\/p>\n<p><strong>3.<\/strong> Pour les commandes au-dessous de 1600 PLN hors TVA, les frais de port r\u00e9presentent 8% du prix HT de la marchandise dont le montant sera ajout\u00e9 \u00e0 la valeur totale de la commande.<\/p>\n<p><strong>4.<\/strong> Pour les commandes au-dessous de 150,00 PLN hors TVA, nous ajoutons les frais de traitement d&rsquo;un montant de 25 PLN (hors TVA) ainsi que 8% de frais de port deduits du montant total HT de la commande, calcul\u00e9s automatiquement lors de la validation de votre commande.<\/p>\n<p><strong>5.<\/strong> Les frais de port sont calcul\u00e9s et affich\u00e9s automatiquement avant la validation de votre commande dans notre boutique en ligne.<\/p>\n<p><strong>IV. MODALIT\u00c9S DE PAIEMENT<\/strong><\/p>\n<p><strong>1.<\/strong> Pour les achats en ligne, nous approvons les modes de paiement suivants : la carte bancaire (via PayU) ou le paiement anticip\u00e9 pour la facture proforma. Cela s&rsquo;applique aux clients finaux ainsi qu&rsquo;aux revendeurs, sauf si d\u00e9cid\u00e9 autrement et valid\u00e9 pr\u00e9alablement dans la boutique en ligne.<\/p>\n<p><strong>2.<\/strong> Nos revendeurs peuvent b\u00e9n\u00e9ficier des d\u00e9lais de paiement suivants :<br \/>\u2022 Option 1 : mois courant + 20 jours,<br \/>\u2022 Option 2 : 30 jours net,<br \/>\u2022 Option 3 : 7 jours net,<br \/>\u2022 Option 4 : paiement anticip\u00e9 (facture proforma) par virement bancaire (s&rsquo;appliquant, en r\u00e8gle g\u00e9n\u00e9rale, \u00e0 trois premi\u00e8res transactions d&rsquo;un nouveau client).<\/p>\n<p>Les condtions ci-dessus seront bien visibles sur le compte du revendeur avec un rabais d\u00e9fini pr\u00e9alablement.<\/p>\n<p>Les factures sont emises le jour de l&rsquo;exp\u00e9dition de la marchandise.<\/p>\n<p><strong>3.<\/strong> Coordonn\u00e9es bancaires :<\/p>\n<p><strong>PLN :<\/strong><br \/>IBAN : PL04 1240 6540 1792 0010 7062 5364 5188<br \/>BIC\/SWIFT : PKOPPLPW<br \/>Bank Pekao SA<br \/><strong>EUR :<\/strong><br \/>IBAN : PL27 1240 6540 1978 0010 7062 5641<br \/>BIC\/SWIFT : PKOPPLPW<br \/>Bank Pekao SA<\/p>\n<p><strong>4.<\/strong> En cas de retard de paiement, le taux des p\u00e9nalit\u00e9s de 2% est calcul\u00e9 pour chaque mois commenc\u00e9 et fait partie d&rsquo;une facture s\u00e9par\u00e9e.<\/p>\n<p>La propri\u00e9t\u00e9 des produits est r\u00e9serv\u00e9e au DIT Combi Sp. z o. o. jusqu&rsquo;au paiement int\u00e9gral du prix par l&rsquo;acheteur.<\/p>\n<p><strong>5.<\/strong> Tous les taxes et frais de livraison seront sp\u00e9cifi\u00e9s s\u00e9par\u00e9ment sur la m\u00eame facture.<\/p>\n<p><strong>V. RETOURS ET R\u00c9CLAMATIONS<\/strong><\/p>\n<p><strong>1.<\/strong> Le revendeur peut se retirer du contrat ou faire une r\u00e9clamation apr\u00e8s la r\u00e9ception de la marchandise. Cela s&rsquo;applique aussi \u00e0 l&rsquo;ensemble des dommages sur des marchandises durant son acheminement. Il est n\u00e9cessaire de noter ce souhait dans le bon de livraison une fois la marchandise livr\u00e9e.<\/p>\n<p><strong>2.<\/strong>\u2060 \u2060Nous n&rsquo;acceptons que les r\u00e9clamations sous forme \u00e9crite \u00e0 l&rsquo;adresse office@ditcombi.com ou par voie postale \u00e0 l&rsquo;adresse : ul. Zbigniewa Romaszewskiego 20, 62-080 Tarnowo Podg\u00f3rne.<\/p>\n<p><strong>3.<\/strong>\u2060 \u2060Merci de pr\u00e9ciser, dans les contenus de votre r\u00e9clamation, le type de d\u00e9faut de conformit\u00e9 de la marchandise par rapport au contrat commercial.<\/p>\n<p><strong>4.<\/strong>\u2060 Toute r\u00e9clamation est prise en consid\u00e9ration sans d\u00e9lai, mais au plus tard dans les 7 jours suivant la date de sa r\u00e9ception.<\/p>\n<p><strong>5.<\/strong> Vous pouvez retourer toute marchandise une fois notre d\u00e9partement service-client en est inform\u00e9, les retours concernant la marchandise mal choisie et\/ou une r\u00e9clamation, dans les 14 jours \u00e0 compter de la date de sa r\u00e9ception. Vous n&rsquo;\u00eates pas dans l&rsquo;obligation de donner une raison pour le retour.<\/p>\n<p><strong>6.<\/strong> En r\u00e8gle g\u00e9n\u00e9rale, nous acceptons tous les retours de la marchandise acquise dans notre boutique en ligne dans les 14 jours suivant la date de l&rsquo;achat, sous r\u00e9serve que lesdits produits soient impeccables et dans l&#8217;emballage d&rsquo;origine. Le paiement est normalement retourn\u00e9 sous 7 jours ouvrables \u00e0 compter de la date du retour de la marchandise.<\/p>\n<p><strong>7.<\/strong> DIT Combi Sp. z o.o. note la totalit\u00e9 de moins de 0,01% de r\u00e9clamations pour la marchandise DIT Combi.<\/p>\n<p><strong>VI. COMMENT NOUS CONTACTER<\/strong><\/p>\n<p><strong>1.<\/strong> Veuillez diriger toutes vos commandes et demandes de renseignement \u00e0 Kundeservice@DITcombi.com<\/p>\n<p><strong>2.<\/strong> Toute autre forme de la mise en contact par e-mail n&rsquo;est pas consid\u00e9r\u00e9e comme une confirmation de commande.<\/p>\n<p><strong>3.<\/strong> En cas de questions suppl\u00e9mentaires, merci de contacter nos consultants du service client :<br \/>+45 23 46 33 64 (Xenia)<\/p>\n<p><strong>4.<\/strong> Nous restons \u00e0 votre disposition lundi-vendredi, 8h30 &#8211; 14h30. <\/p>\n\t\t\t\t\t\t\t\t<\/div>\n\t\t\t\t<\/div>\n\t\t\t\t\t<\/div>\n\t\t<\/div>\n\t\t\t\t\t<\/div>\n\t\t<\/section>\n\t\t\t\t<\/div>\n\t\t","protected":false},"excerpt":{"rendered":"<p>Conditions g\u00e9n\u00e9rales de vente I. COORDONN\u00c9ES DE L&rsquo;ENTREPRISE DIT Combi Sp. z o. o.ul. Zbigniewa Romaszewskiego 2062-080 Tarnowo-Podg\u00f3rnePologne (Grande-Pologne)(UE) NIP [Num\u00e9ro identifiant TVA] : 7811933947REGON [Num\u00e9ro d&rsquo;inscription de l&rsquo;entreprise au R\u00e9pertoire National des Entreprises] : 365598931KRS [Registre National Juridique] : 0000641292 II. CONDITIONS G\u00c9N\u00c9RALES DE VENTE 1.Lors de la cr\u00e9ation de votre compte pour acc\u00e9der [&hellip;]<\/p>\n","protected":false},"author":1,"featured_media":0,"parent":0,"menu_order":0,"comment_status":"closed","ping_status":"closed","template":"","meta":{"_acf_changed":false,"site-sidebar-layout":"no-sidebar","site-content-layout":"page-builder","ast-site-content-layout":"","site-content-style":"default","site-sidebar-style":"default","ast-global-header-display":"","ast-banner-title-visibility":"","ast-main-header-display":"","ast-hfb-above-header-display":"","ast-hfb-below-header-display":"","ast-hfb-mobile-header-display":"","site-post-title":"disabled","ast-breadcrumbs-content":"","ast-featured-img":"disabled","footer-sml-layout":"","theme-transparent-header-meta":"","adv-header-id-meta":"","stick-header-meta":"","header-above-stick-meta":"","header-main-stick-meta":"","header-below-stick-meta":"","astra-migrate-meta-layouts":"default","ast-page-background-enabled":"default","ast-page-background-meta":{"desktop":{"background-color":"","background-image":"","background-repeat":"repeat","background-position":"center center","background-size":"auto","background-attachment":"scroll","background-type":"","background-media":"","overlay-type":"","overlay-color":"","overlay-opacity":"","overlay-gradient":""},"tablet":{"background-color":"","background-image":"","background-repeat":"repeat","background-position":"center center","background-size":"auto","background-attachment":"scroll","background-type":"","background-media":"","overlay-type":"","overlay-color":"","overlay-opacity":"","overlay-gradient":""},"mobile":{"background-color":"","background-image":"","background-repeat":"repeat","background-position":"center center","background-size":"auto","background-attachment":"scroll","background-type":"","background-media":"","overlay-type":"","overlay-color":"","overlay-opacity":"","overlay-gradient":""}},"ast-content-background-meta":{"desktop":{"background-color":"var(--ast-global-color-5)","background-image":"","background-repeat":"repeat","background-position":"center center","background-size":"auto","background-attachment":"scroll","background-type":"","background-media":"","overlay-type":"","overlay-color":"","overlay-opacity":"","overlay-gradient":""},"tablet":{"background-color":"var(--ast-global-color-5)","background-image":"","background-repeat":"repeat","background-position":"center center","background-size":"auto","background-attachment":"scroll","background-type":"","background-media":"","overlay-type":"","overlay-color":"","overlay-opacity":"","overlay-gradient":""},"mobile":{"background-color":"var(--ast-global-color-5)","background-image":"","background-repeat":"repeat","background-position":"center center","background-size":"auto","background-attachment":"scroll","background-type":"","background-media":"","overlay-type":"","overlay-color":"","overlay-opacity":"","overlay-gradient":""}},"footnotes":""},"class_list":["post-18291","page","type-page","status-publish","hentry"],"acf":[],"yoast_head":"<!-- This site is optimized with the Yoast SEO plugin v26.7 - https:\/\/yoast.com\/wordpress\/plugins\/seo\/ -->\n<title>Conditions g\u00e9n\u00e9rales de vente - DitCombi<\/title>\n<meta name=\"robots\" content=\"index, follow, max-snippet:-1, max-image-preview:large, max-video-preview:-1\" \/>\n<link rel=\"canonical\" href=\"https:\/\/ditcombi.com\/fr\/conditions-generales-de-vente\/\" \/>\n<meta property=\"og:locale\" content=\"fr_FR\" \/>\n<meta property=\"og:type\" content=\"article\" \/>\n<meta property=\"og:title\" content=\"Conditions g\u00e9n\u00e9rales de vente - DitCombi\" \/>\n<meta property=\"og:description\" content=\"Conditions g\u00e9n\u00e9rales de vente I. COORDONN\u00c9ES DE L&rsquo;ENTREPRISE DIT Combi Sp. z o. o.ul. Zbigniewa Romaszewskiego 2062-080 Tarnowo-Podg\u00f3rnePologne (Grande-Pologne)(UE) NIP [Num\u00e9ro identifiant TVA] : 7811933947REGON [Num\u00e9ro d&rsquo;inscription de l&rsquo;entreprise au R\u00e9pertoire National des Entreprises] : 365598931KRS [Registre National Juridique] : 0000641292 II. CONDITIONS G\u00c9N\u00c9RALES DE VENTE 1.Lors de la cr\u00e9ation de votre compte pour acc\u00e9der [&hellip;]\" \/>\n<meta property=\"og:url\" content=\"https:\/\/ditcombi.com\/fr\/conditions-generales-de-vente\/\" \/>\n<meta property=\"og:site_name\" content=\"DitCombi\" \/>\n<meta property=\"article:modified_time\" content=\"2024-06-05T08:22:09+00:00\" \/>\n<meta name=\"twitter:card\" content=\"summary_large_image\" \/>\n<meta name=\"twitter:label1\" content=\"Dur\u00e9e de lecture estim\u00e9e\" \/>\n\t<meta name=\"twitter:data1\" content=\"4 minutes\" \/>\n<script type=\"application\/ld+json\" class=\"yoast-schema-graph\">{\"@context\":\"https:\/\/schema.org\",\"@graph\":[{\"@type\":\"WebPage\",\"@id\":\"https:\/\/ditcombi.com\/fr\/conditions-generales-de-vente\/\",\"url\":\"https:\/\/ditcombi.com\/fr\/conditions-generales-de-vente\/\",\"name\":\"Conditions g\u00e9n\u00e9rales de vente - DitCombi\",\"isPartOf\":{\"@id\":\"https:\/\/ditcombi.com\/#website\"},\"datePublished\":\"2024-05-14T11:50:22+00:00\",\"dateModified\":\"2024-06-05T08:22:09+00:00\",\"breadcrumb\":{\"@id\":\"https:\/\/ditcombi.com\/fr\/conditions-generales-de-vente\/#breadcrumb\"},\"inLanguage\":\"fr-FR\",\"potentialAction\":[{\"@type\":\"ReadAction\",\"target\":[\"https:\/\/ditcombi.com\/fr\/conditions-generales-de-vente\/\"]}]},{\"@type\":\"BreadcrumbList\",\"@id\":\"https:\/\/ditcombi.com\/fr\/conditions-generales-de-vente\/#breadcrumb\",\"itemListElement\":[{\"@type\":\"ListItem\",\"position\":1,\"name\":\"Home\",\"item\":\"https:\/\/ditcombi.com\/pl\/\"},{\"@type\":\"ListItem\",\"position\":2,\"name\":\"Conditions g\u00e9n\u00e9rales de vente\"}]},{\"@type\":\"WebSite\",\"@id\":\"https:\/\/ditcombi.com\/#website\",\"url\":\"https:\/\/ditcombi.com\/\",\"name\":\"DitCombi\",\"description\":\"DIT Combi \u2026 60 Years of Danish Quality cleaning trolleys \u2026 Valget er DIT\",\"publisher\":{\"@id\":\"https:\/\/ditcombi.com\/#organization\"},\"potentialAction\":[{\"@type\":\"SearchAction\",\"target\":{\"@type\":\"EntryPoint\",\"urlTemplate\":\"https:\/\/ditcombi.com\/?s={search_term_string}\"},\"query-input\":{\"@type\":\"PropertyValueSpecification\",\"valueRequired\":true,\"valueName\":\"search_term_string\"}}],\"inLanguage\":\"fr-FR\"},{\"@type\":\"Organization\",\"@id\":\"https:\/\/ditcombi.com\/#organization\",\"name\":\"DIT Combi \u2013 Cleaning trolleys, Danish design since 1962\",\"url\":\"https:\/\/ditcombi.com\/\",\"logo\":{\"@type\":\"ImageObject\",\"inLanguage\":\"fr-FR\",\"@id\":\"https:\/\/ditcombi.com\/#\/schema\/logo\/image\/\",\"url\":\"https:\/\/ditcombi.com\/wp-content\/uploads\/2020\/09\/cropped-ditlogocrp-1.png\",\"contentUrl\":\"https:\/\/ditcombi.com\/wp-content\/uploads\/2020\/09\/cropped-ditlogocrp-1.png\",\"width\":150,\"height\":50,\"caption\":\"DIT Combi \u2013 Cleaning trolleys, Danish design since 1962\"},\"image\":{\"@id\":\"https:\/\/ditcombi.com\/#\/schema\/logo\/image\/\"}}]}<\/script>\n<!-- \/ Yoast SEO plugin. -->","yoast_head_json":{"title":"Conditions g\u00e9n\u00e9rales de vente - DitCombi","robots":{"index":"index","follow":"follow","max-snippet":"max-snippet:-1","max-image-preview":"max-image-preview:large","max-video-preview":"max-video-preview:-1"},"canonical":"https:\/\/ditcombi.com\/fr\/conditions-generales-de-vente\/","og_locale":"fr_FR","og_type":"article","og_title":"Conditions g\u00e9n\u00e9rales de vente - DitCombi","og_description":"Conditions g\u00e9n\u00e9rales de vente I. COORDONN\u00c9ES DE L&rsquo;ENTREPRISE DIT Combi Sp. z o. o.ul. Zbigniewa Romaszewskiego 2062-080 Tarnowo-Podg\u00f3rnePologne (Grande-Pologne)(UE) NIP [Num\u00e9ro identifiant TVA] : 7811933947REGON [Num\u00e9ro d&rsquo;inscription de l&rsquo;entreprise au R\u00e9pertoire National des Entreprises] : 365598931KRS [Registre National Juridique] : 0000641292 II. CONDITIONS G\u00c9N\u00c9RALES DE VENTE 1.Lors de la cr\u00e9ation de votre compte pour acc\u00e9der [&hellip;]","og_url":"https:\/\/ditcombi.com\/fr\/conditions-generales-de-vente\/","og_site_name":"DitCombi","article_modified_time":"2024-06-05T08:22:09+00:00","twitter_card":"summary_large_image","twitter_misc":{"Dur\u00e9e de lecture estim\u00e9e":"4 minutes"},"schema":{"@context":"https:\/\/schema.org","@graph":[{"@type":"WebPage","@id":"https:\/\/ditcombi.com\/fr\/conditions-generales-de-vente\/","url":"https:\/\/ditcombi.com\/fr\/conditions-generales-de-vente\/","name":"Conditions g\u00e9n\u00e9rales de vente - DitCombi","isPartOf":{"@id":"https:\/\/ditcombi.com\/#website"},"datePublished":"2024-05-14T11:50:22+00:00","dateModified":"2024-06-05T08:22:09+00:00","breadcrumb":{"@id":"https:\/\/ditcombi.com\/fr\/conditions-generales-de-vente\/#breadcrumb"},"inLanguage":"fr-FR","potentialAction":[{"@type":"ReadAction","target":["https:\/\/ditcombi.com\/fr\/conditions-generales-de-vente\/"]}]},{"@type":"BreadcrumbList","@id":"https:\/\/ditcombi.com\/fr\/conditions-generales-de-vente\/#breadcrumb","itemListElement":[{"@type":"ListItem","position":1,"name":"Home","item":"https:\/\/ditcombi.com\/pl\/"},{"@type":"ListItem","position":2,"name":"Conditions g\u00e9n\u00e9rales de vente"}]},{"@type":"WebSite","@id":"https:\/\/ditcombi.com\/#website","url":"https:\/\/ditcombi.com\/","name":"DitCombi","description":"DIT Combi \u2026 60 Years of Danish Quality cleaning trolleys \u2026 Valget er DIT","publisher":{"@id":"https:\/\/ditcombi.com\/#organization"},"potentialAction":[{"@type":"SearchAction","target":{"@type":"EntryPoint","urlTemplate":"https:\/\/ditcombi.com\/?s={search_term_string}"},"query-input":{"@type":"PropertyValueSpecification","valueRequired":true,"valueName":"search_term_string"}}],"inLanguage":"fr-FR"},{"@type":"Organization","@id":"https:\/\/ditcombi.com\/#organization","name":"DIT Combi \u2013 Cleaning trolleys, Danish design since 1962","url":"https:\/\/ditcombi.com\/","logo":{"@type":"ImageObject","inLanguage":"fr-FR","@id":"https:\/\/ditcombi.com\/#\/schema\/logo\/image\/","url":"https:\/\/ditcombi.com\/wp-content\/uploads\/2020\/09\/cropped-ditlogocrp-1.png","contentUrl":"https:\/\/ditcombi.com\/wp-content\/uploads\/2020\/09\/cropped-ditlogocrp-1.png","width":150,"height":50,"caption":"DIT Combi \u2013 Cleaning trolleys, Danish design since 1962"},"image":{"@id":"https:\/\/ditcombi.com\/#\/schema\/logo\/image\/"}}]}},"_links":{"self":[{"href":"https:\/\/ditcombi.com\/fr\/wp-json\/wp\/v2\/pages\/18291","targetHints":{"allow":["GET"]}}],"collection":[{"href":"https:\/\/ditcombi.com\/fr\/wp-json\/wp\/v2\/pages"}],"about":[{"href":"https:\/\/ditcombi.com\/fr\/wp-json\/wp\/v2\/types\/page"}],"author":[{"embeddable":true,"href":"https:\/\/ditcombi.com\/fr\/wp-json\/wp\/v2\/users\/1"}],"replies":[{"embeddable":true,"href":"https:\/\/ditcombi.com\/fr\/wp-json\/wp\/v2\/comments?post=18291"}],"version-history":[{"count":46,"href":"https:\/\/ditcombi.com\/fr\/wp-json\/wp\/v2\/pages\/18291\/revisions"}],"predecessor-version":[{"id":18447,"href":"https:\/\/ditcombi.com\/fr\/wp-json\/wp\/v2\/pages\/18291\/revisions\/18447"}],"wp:attachment":[{"href":"https:\/\/ditcombi.com\/fr\/wp-json\/wp\/v2\/media?parent=18291"}],"curies":[{"name":"wp","href":"https:\/\/api.w.org\/{rel}","templated":true}]}}