{"id":18305,"date":"2024-05-16T11:56:49","date_gmt":"2024-05-16T11:56:49","guid":{"rendered":"https:\/\/ditcombi.com\/rgpd\/"},"modified":"2024-06-05T13:28:55","modified_gmt":"2024-06-05T13:28:55","slug":"rgpd","status":"publish","type":"page","link":"https:\/\/ditcombi.com\/fr\/rgpd\/","title":{"rendered":"RGPD"},"content":{"rendered":"\t\t<div data-elementor-type=\"wp-page\" data-elementor-id=\"18305\" class=\"elementor elementor-18305 elementor-10994\" data-elementor-settings=\"{&quot;element_pack_global_tooltip_width&quot;:{&quot;unit&quot;:&quot;px&quot;,&quot;size&quot;:&quot;&quot;,&quot;sizes&quot;:[]},&quot;element_pack_global_tooltip_width_tablet&quot;:{&quot;unit&quot;:&quot;px&quot;,&quot;size&quot;:&quot;&quot;,&quot;sizes&quot;:[]},&quot;element_pack_global_tooltip_width_mobile&quot;:{&quot;unit&quot;:&quot;px&quot;,&quot;size&quot;:&quot;&quot;,&quot;sizes&quot;:[]},&quot;element_pack_global_tooltip_padding&quot;:{&quot;unit&quot;:&quot;px&quot;,&quot;top&quot;:&quot;&quot;,&quot;right&quot;:&quot;&quot;,&quot;bottom&quot;:&quot;&quot;,&quot;left&quot;:&quot;&quot;,&quot;isLinked&quot;:true},&quot;element_pack_global_tooltip_padding_tablet&quot;:{&quot;unit&quot;:&quot;px&quot;,&quot;top&quot;:&quot;&quot;,&quot;right&quot;:&quot;&quot;,&quot;bottom&quot;:&quot;&quot;,&quot;left&quot;:&quot;&quot;,&quot;isLinked&quot;:true},&quot;element_pack_global_tooltip_padding_mobile&quot;:{&quot;unit&quot;:&quot;px&quot;,&quot;top&quot;:&quot;&quot;,&quot;right&quot;:&quot;&quot;,&quot;bottom&quot;:&quot;&quot;,&quot;left&quot;:&quot;&quot;,&quot;isLinked&quot;:true},&quot;element_pack_global_tooltip_border_radius&quot;:{&quot;unit&quot;:&quot;px&quot;,&quot;top&quot;:&quot;&quot;,&quot;right&quot;:&quot;&quot;,&quot;bottom&quot;:&quot;&quot;,&quot;left&quot;:&quot;&quot;,&quot;isLinked&quot;:true},&quot;element_pack_global_tooltip_border_radius_tablet&quot;:{&quot;unit&quot;:&quot;px&quot;,&quot;top&quot;:&quot;&quot;,&quot;right&quot;:&quot;&quot;,&quot;bottom&quot;:&quot;&quot;,&quot;left&quot;:&quot;&quot;,&quot;isLinked&quot;:true},&quot;element_pack_global_tooltip_border_radius_mobile&quot;:{&quot;unit&quot;:&quot;px&quot;,&quot;top&quot;:&quot;&quot;,&quot;right&quot;:&quot;&quot;,&quot;bottom&quot;:&quot;&quot;,&quot;left&quot;:&quot;&quot;,&quot;isLinked&quot;:true}}\" data-elementor-post-type=\"page\">\n\t\t\t\t\t\t<section class=\"elementor-section elementor-top-section elementor-element elementor-element-9b6bce6 elementor-section-boxed elementor-section-height-default elementor-section-height-default\" data-id=\"9b6bce6\" data-element_type=\"section\" data-settings=\"{&quot;jet_parallax_layout_list&quot;:[{&quot;jet_parallax_layout_image&quot;:{&quot;url&quot;:&quot;&quot;,&quot;id&quot;:&quot;&quot;,&quot;size&quot;:&quot;&quot;},&quot;_id&quot;:&quot;0159633&quot;,&quot;jet_parallax_layout_image_tablet&quot;:{&quot;url&quot;:&quot;&quot;,&quot;id&quot;:&quot;&quot;,&quot;size&quot;:&quot;&quot;},&quot;jet_parallax_layout_image_mobile&quot;:{&quot;url&quot;:&quot;&quot;,&quot;id&quot;:&quot;&quot;,&quot;size&quot;:&quot;&quot;},&quot;jet_parallax_layout_speed&quot;:{&quot;unit&quot;:&quot;%&quot;,&quot;size&quot;:50,&quot;sizes&quot;:[]},&quot;jet_parallax_layout_type&quot;:&quot;scroll&quot;,&quot;jet_parallax_layout_direction&quot;:&quot;1&quot;,&quot;jet_parallax_layout_fx_direction&quot;:null,&quot;jet_parallax_layout_z_index&quot;:&quot;&quot;,&quot;jet_parallax_layout_bg_x&quot;:50,&quot;jet_parallax_layout_bg_x_tablet&quot;:&quot;&quot;,&quot;jet_parallax_layout_bg_x_mobile&quot;:&quot;&quot;,&quot;jet_parallax_layout_bg_y&quot;:50,&quot;jet_parallax_layout_bg_y_tablet&quot;:&quot;&quot;,&quot;jet_parallax_layout_bg_y_mobile&quot;:&quot;&quot;,&quot;jet_parallax_layout_bg_size&quot;:&quot;auto&quot;,&quot;jet_parallax_layout_bg_size_tablet&quot;:&quot;&quot;,&quot;jet_parallax_layout_bg_size_mobile&quot;:&quot;&quot;,&quot;jet_parallax_layout_animation_prop&quot;:&quot;transform&quot;,&quot;jet_parallax_layout_on&quot;:[&quot;desktop&quot;,&quot;tablet&quot;]}]}\">\n\t\t\t\t\t\t<div class=\"elementor-container elementor-column-gap-default\">\n\t\t\t\t\t<div class=\"elementor-column elementor-col-100 elementor-top-column elementor-element elementor-element-382256f\" data-id=\"382256f\" data-element_type=\"column\">\n\t\t\t<div class=\"elementor-widget-wrap elementor-element-populated\">\n\t\t\t\t\t\t<div class=\"elementor-element elementor-element-230bae2 elementor-widget elementor-widget-heading\" data-id=\"230bae2\" data-element_type=\"widget\" data-widget_type=\"heading.default\">\n\t\t\t\t<div class=\"elementor-widget-container\">\n\t\t\t\t\t<h1 class=\"elementor-heading-title elementor-size-default\">INFORMATION SUR LE TRAITEMENT DES DONN\u00c9ES PERSONNELLES<br>(RGPD)<\/h1>\t\t\t\t<\/div>\n\t\t\t\t<\/div>\n\t\t\t\t\t<\/div>\n\t\t<\/div>\n\t\t\t\t\t<\/div>\n\t\t<\/section>\n\t\t\t\t<section class=\"elementor-section elementor-top-section elementor-element elementor-element-6a1dece8 elementor-section-boxed elementor-section-height-default elementor-section-height-default\" data-id=\"6a1dece8\" data-element_type=\"section\" data-settings=\"{&quot;jet_parallax_layout_list&quot;:[{&quot;jet_parallax_layout_image&quot;:{&quot;url&quot;:&quot;&quot;,&quot;id&quot;:&quot;&quot;,&quot;size&quot;:&quot;&quot;},&quot;_id&quot;:&quot;ae0db5d&quot;,&quot;jet_parallax_layout_image_tablet&quot;:{&quot;url&quot;:&quot;&quot;,&quot;id&quot;:&quot;&quot;,&quot;size&quot;:&quot;&quot;},&quot;jet_parallax_layout_image_mobile&quot;:{&quot;url&quot;:&quot;&quot;,&quot;id&quot;:&quot;&quot;,&quot;size&quot;:&quot;&quot;},&quot;jet_parallax_layout_speed&quot;:{&quot;unit&quot;:&quot;%&quot;,&quot;size&quot;:50,&quot;sizes&quot;:[]},&quot;jet_parallax_layout_type&quot;:&quot;scroll&quot;,&quot;jet_parallax_layout_direction&quot;:&quot;1&quot;,&quot;jet_parallax_layout_fx_direction&quot;:null,&quot;jet_parallax_layout_z_index&quot;:&quot;&quot;,&quot;jet_parallax_layout_bg_x&quot;:50,&quot;jet_parallax_layout_bg_x_tablet&quot;:&quot;&quot;,&quot;jet_parallax_layout_bg_x_mobile&quot;:&quot;&quot;,&quot;jet_parallax_layout_bg_y&quot;:50,&quot;jet_parallax_layout_bg_y_tablet&quot;:&quot;&quot;,&quot;jet_parallax_layout_bg_y_mobile&quot;:&quot;&quot;,&quot;jet_parallax_layout_bg_size&quot;:&quot;auto&quot;,&quot;jet_parallax_layout_bg_size_tablet&quot;:&quot;&quot;,&quot;jet_parallax_layout_bg_size_mobile&quot;:&quot;&quot;,&quot;jet_parallax_layout_animation_prop&quot;:&quot;transform&quot;,&quot;jet_parallax_layout_on&quot;:[&quot;desktop&quot;,&quot;tablet&quot;]}]}\">\n\t\t\t\t\t\t<div class=\"elementor-container elementor-column-gap-default\">\n\t\t\t\t\t<div class=\"elementor-column elementor-col-100 elementor-top-column elementor-element elementor-element-74794e4d\" data-id=\"74794e4d\" data-element_type=\"column\">\n\t\t\t<div class=\"elementor-widget-wrap elementor-element-populated\">\n\t\t\t\t\t\t<div class=\"elementor-element elementor-element-146515a6 elementor-widget elementor-widget-text-editor\" data-id=\"146515a6\" data-element_type=\"widget\" data-widget_type=\"text-editor.default\">\n\t\t\t\t<div class=\"elementor-widget-container\">\n\t\t\t\t\t\t\t\t\t<p>1. L\u2019administrateur des donn\u00e9es personnelles est DIT COMBI Sp. z o. o. ayant son si\u00e8ge social \u00e0 Tarnowo Podg\u00f3rne, \u00e0 Zbigniewa Romaszewskiego 20 (62-080 Tarnowo Podg\u00f3rne), inscrite au Registre National Juridique (KRS) : 0000641292, sous le Num\u00e9ro identifiant TVA (NIP) : 7811933947, repr\u00e9sent\u00e9e par Jan M. Pasboel, le Pr\u00e9sident du Conseil d&rsquo;administration.<\/p>\n<p>2. Pour toute demande de renseignement, merci de nous contacter \u00e0 tout moment par voie postale \u00e0 l&rsquo;adresse ci-dessus ou par e-mail \u00e0 office@ditcombi.com<\/p>\n<p>3. DIT COMBI se r\u00e9serve le droit de traiter les donn\u00e9es personnelles selon les dispositions ci-dessous :<\/p>\n<p>a) 6. 1. b. RGPD &#8211; prendre une action avant de conclure un contrat et de l&rsquo;ex\u00e9cuter ;<\/p>\n<p>b) 6. 1. c. RGPD &#8211; remplir certaines de nos obligations l\u00e9gales ;<\/p>\n<p>c) 6. 1. f. RGPD &#8211; mettre en oeuvre nos int\u00e9r\u00eats l\u00e9gitimes et ceux des partneraires, d\u00e9taill\u00e9s ci-dessous :<\/p>\n<p>&#8211; mettre en place les objectives administratifs internes au sein du groupe de soci\u00e9t\u00e9s ;<\/p>\n<p>&#8211; introduire ou pr\u00e9senter des revendications ou nous d\u00e9fendre contre celles-ci ;<\/p>\n<p>&#8211; tenir des statistiques ou analyser des donn\u00e9es ;<\/p>\n<p>4. La fourniture des informations personnelles est volontaire mais n\u00e9cessaire pour conclure tout type de contrat.<\/p>\n<p>5. DIT COMBI ne prend pas de d\u00e9cisions qui vous concernent de mani\u00e8re automatis\u00e9e et ne fait pas de profilage.<\/p>\n<p>6. DIT COMBI se r\u00e9serve le droit de partager vos donn\u00e9es personnelles avec les entit\u00e9s suivantes :<\/p>\n<p>a) autorit\u00e9s administratives, y compris en particulier celles qui se sp\u00e9cialisent dans la gestion de programmes op\u00e9rationnels ;<\/p>\n<p>b) op\u00e9rateurs de services postaux ou les prestataires logistiques ;<\/p>\n<p>c) banques et institutions financi\u00e8res ;<\/p>\n<p>d) partneraires de DIT COMBI, \u00e0 savoir les membres du groupe de soci\u00e9t\u00e9s ;<\/p>\n<p>e) sous-traitants de DIT COMBI, y compris en particulier les prestataires\/fournisseurs de services TIC et les entit\u00e9s offrant des services de consulting dans le cadre du droit ou de la fiscalit\u00e9.<\/p>\n<p>7. Le traitement de vos donn\u00e9es personnelles sera effectu\u00e9 par DIT COMBI pendant toute la dur\u00e9e du contrat ainsi qu&rsquo;apr\u00e8s sa r\u00e9alisation, dans le cadre de donn\u00e9es absolument n\u00e9cessaires pour ex\u00e9cuter les obligations contractuelles. Lesdites donn\u00e9es seront trait\u00e9es durant la p\u00e9riode d\u00e9finie par la loi applicable ou selon les crit\u00e8res definis par cette derni\u00e8re. Pendant cette p\u00e9riode, vos donn\u00e9es personnelles seront trait\u00e9es dans le but de mettre oeuvre les int\u00e9r\u00eats l\u00e9gitimes de DIT COMBI ainsi que ceux de ses partneraires, sauf objection de votre part. Cela s&rsquo;applique aussi quand il existe des raisons valables et l\u00e9gitimes de traiter vos donn\u00e9es en d\u00e9passant vos int\u00e9r\u00eats, droits et libert\u00e9s, ou des raisons pour introduire ou pr\u00e9senter des revendications ou nous d\u00e9fendre contre les revendications,<\/p>\n<p>8. Vous avez les droits nomm\u00e9s ci-dessous. Afin de les exercer, merci de nous contacter.<\/p>\n<p>a) Le droit d&rsquo;obtenir une confirmation que le traitement de vos donn\u00e9es personnelles est effectu\u00e9 par DIT COMBI et y acc\u00e9der sur demande ainsi que le droit de les rectifier ou les compl\u00e9ter si n\u00e9cessaire ;<\/p>\n<p>b) Dans les cas pr\u00e9vues par la loi relative \u00e0 la protection des donn\u00e9es personnelles, DIT COMBI peut exercer vos droits pour les raisons suivantes :<\/p>\n<p>&#8211; pour supprimer les donn\u00e9es personnelles ;<\/p>\n<p>&#8211; pour limiter le champ du traitement des donn\u00e9es personnelles ;<\/p>\n<p>&#8211; pour transf\u00e9rer les donn\u00e9es personnelles ;<\/p>\n<p>&#8211; pour vous opposer au traitement de vos donn\u00e9es personnelles.<\/p>\n<p>9. DIT COMBI fait de son mieux pour traiter vos donn\u00e9es personnelles conform\u00e9ment \u00e0 la loi applicable. Cependant, en cas de violation ou de non-respect suppos\u00e9(e) de vos droits, vous pouvez d\u00e9poser une plainte aupr\u00e8s du Bureau de la protection des donn\u00e9es personnelles pertinent.<\/p>\n\t\t\t\t\t\t\t\t<\/div>\n\t\t\t\t<\/div>\n\t\t\t\t\t<\/div>\n\t\t<\/div>\n\t\t\t\t\t<\/div>\n\t\t<\/section>\n\t\t\t\t<\/div>\n\t\t","protected":false},"excerpt":{"rendered":"<p>INFORMATION SUR LE TRAITEMENT DES DONN\u00c9ES PERSONNELLES(RGPD) 1. L\u2019administrateur des donn\u00e9es personnelles est DIT COMBI Sp. z o. o. ayant son si\u00e8ge social \u00e0 Tarnowo Podg\u00f3rne, \u00e0 Zbigniewa Romaszewskiego 20 (62-080 Tarnowo Podg\u00f3rne), inscrite au Registre National Juridique (KRS) : 0000641292, sous le Num\u00e9ro identifiant TVA (NIP) : 7811933947, repr\u00e9sent\u00e9e par Jan M. Pasboel, le [&hellip;]<\/p>\n","protected":false},"author":1,"featured_media":0,"parent":0,"menu_order":0,"comment_status":"closed","ping_status":"closed","template":"","meta":{"_acf_changed":false,"site-sidebar-layout":"default","site-content-layout":"default","ast-site-content-layout":"","site-content-style":"default","site-sidebar-style":"default","ast-global-header-display":"","ast-banner-title-visibility":"","ast-main-header-display":"disabled","ast-hfb-above-header-display":"","ast-hfb-below-header-display":"","ast-hfb-mobile-header-display":"","site-post-title":"disabled","ast-breadcrumbs-content":"disabled","ast-featured-img":"","footer-sml-layout":"","theme-transparent-header-meta":"default","adv-header-id-meta":"","stick-header-meta":"","header-above-stick-meta":"","header-main-stick-meta":"","header-below-stick-meta":"","astra-migrate-meta-layouts":"default","ast-page-background-enabled":"default","ast-page-background-meta":{"desktop":{"background-color":"","background-image":"","background-repeat":"repeat","background-position":"center center","background-size":"auto","background-attachment":"scroll","background-type":"","background-media":"","overlay-type":"","overlay-color":"","overlay-opacity":"","overlay-gradient":""},"tablet":{"background-color":"","background-image":"","background-repeat":"repeat","background-position":"center center","background-size":"auto","background-attachment":"scroll","background-type":"","background-media":"","overlay-type":"","overlay-color":"","overlay-opacity":"","overlay-gradient":""},"mobile":{"background-color":"","background-image":"","background-repeat":"repeat","background-position":"center center","background-size":"auto","background-attachment":"scroll","background-type":"","background-media":"","overlay-type":"","overlay-color":"","overlay-opacity":"","overlay-gradient":""}},"ast-content-background-meta":{"desktop":{"background-color":"var(--ast-global-color-5)","background-image":"","background-repeat":"repeat","background-position":"center center","background-size":"auto","background-attachment":"scroll","background-type":"","background-media":"","overlay-type":"","overlay-color":"","overlay-opacity":"","overlay-gradient":""},"tablet":{"background-color":"var(--ast-global-color-5)","background-image":"","background-repeat":"repeat","background-position":"center center","background-size":"auto","background-attachment":"scroll","background-type":"","background-media":"","overlay-type":"","overlay-color":"","overlay-opacity":"","overlay-gradient":""},"mobile":{"background-color":"var(--ast-global-color-5)","background-image":"","background-repeat":"repeat","background-position":"center center","background-size":"auto","background-attachment":"scroll","background-type":"","background-media":"","overlay-type":"","overlay-color":"","overlay-opacity":"","overlay-gradient":""}},"footnotes":""},"class_list":["post-18305","page","type-page","status-publish","hentry"],"acf":[],"yoast_head":"<!-- This site is optimized with the Yoast SEO plugin v26.7 - https:\/\/yoast.com\/wordpress\/plugins\/seo\/ -->\n<title>RGPD - DitCombi<\/title>\n<meta name=\"robots\" content=\"index, follow, max-snippet:-1, max-image-preview:large, max-video-preview:-1\" \/>\n<link rel=\"canonical\" href=\"https:\/\/ditcombi.com\/fr\/rgpd\/\" \/>\n<meta property=\"og:locale\" content=\"fr_FR\" \/>\n<meta property=\"og:type\" content=\"article\" \/>\n<meta property=\"og:title\" content=\"RGPD - DitCombi\" \/>\n<meta property=\"og:description\" content=\"INFORMATION SUR LE TRAITEMENT DES DONN\u00c9ES PERSONNELLES(RGPD) 1. L\u2019administrateur des donn\u00e9es personnelles est DIT COMBI Sp. z o. o. ayant son si\u00e8ge social \u00e0 Tarnowo Podg\u00f3rne, \u00e0 Zbigniewa Romaszewskiego 20 (62-080 Tarnowo Podg\u00f3rne), inscrite au Registre National Juridique (KRS) : 0000641292, sous le Num\u00e9ro identifiant TVA (NIP) : 7811933947, repr\u00e9sent\u00e9e par Jan M. Pasboel, le [&hellip;]\" \/>\n<meta property=\"og:url\" content=\"https:\/\/ditcombi.com\/fr\/rgpd\/\" \/>\n<meta property=\"og:site_name\" content=\"DitCombi\" \/>\n<meta property=\"article:modified_time\" content=\"2024-06-05T13:28:55+00:00\" \/>\n<meta name=\"twitter:card\" content=\"summary_large_image\" \/>\n<meta name=\"twitter:label1\" content=\"Dur\u00e9e de lecture estim\u00e9e\" \/>\n\t<meta name=\"twitter:data1\" content=\"3 minutes\" \/>\n<script type=\"application\/ld+json\" class=\"yoast-schema-graph\">{\"@context\":\"https:\/\/schema.org\",\"@graph\":[{\"@type\":\"WebPage\",\"@id\":\"https:\/\/ditcombi.com\/fr\/rgpd\/\",\"url\":\"https:\/\/ditcombi.com\/fr\/rgpd\/\",\"name\":\"RGPD - DitCombi\",\"isPartOf\":{\"@id\":\"https:\/\/ditcombi.com\/#website\"},\"datePublished\":\"2024-05-16T11:56:49+00:00\",\"dateModified\":\"2024-06-05T13:28:55+00:00\",\"breadcrumb\":{\"@id\":\"https:\/\/ditcombi.com\/fr\/rgpd\/#breadcrumb\"},\"inLanguage\":\"fr-FR\",\"potentialAction\":[{\"@type\":\"ReadAction\",\"target\":[\"https:\/\/ditcombi.com\/fr\/rgpd\/\"]}]},{\"@type\":\"BreadcrumbList\",\"@id\":\"https:\/\/ditcombi.com\/fr\/rgpd\/#breadcrumb\",\"itemListElement\":[{\"@type\":\"ListItem\",\"position\":1,\"name\":\"Home\",\"item\":\"https:\/\/ditcombi.com\/pl\/\"},{\"@type\":\"ListItem\",\"position\":2,\"name\":\"RGPD\"}]},{\"@type\":\"WebSite\",\"@id\":\"https:\/\/ditcombi.com\/#website\",\"url\":\"https:\/\/ditcombi.com\/\",\"name\":\"DitCombi\",\"description\":\"DIT Combi \u2026 60 Years of Danish Quality cleaning trolleys \u2026 Valget er DIT\",\"publisher\":{\"@id\":\"https:\/\/ditcombi.com\/#organization\"},\"potentialAction\":[{\"@type\":\"SearchAction\",\"target\":{\"@type\":\"EntryPoint\",\"urlTemplate\":\"https:\/\/ditcombi.com\/?s={search_term_string}\"},\"query-input\":{\"@type\":\"PropertyValueSpecification\",\"valueRequired\":true,\"valueName\":\"search_term_string\"}}],\"inLanguage\":\"fr-FR\"},{\"@type\":\"Organization\",\"@id\":\"https:\/\/ditcombi.com\/#organization\",\"name\":\"DIT Combi \u2013 Cleaning trolleys, Danish design since 1962\",\"url\":\"https:\/\/ditcombi.com\/\",\"logo\":{\"@type\":\"ImageObject\",\"inLanguage\":\"fr-FR\",\"@id\":\"https:\/\/ditcombi.com\/#\/schema\/logo\/image\/\",\"url\":\"https:\/\/ditcombi.com\/wp-content\/uploads\/2020\/09\/cropped-ditlogocrp-1.png\",\"contentUrl\":\"https:\/\/ditcombi.com\/wp-content\/uploads\/2020\/09\/cropped-ditlogocrp-1.png\",\"width\":150,\"height\":50,\"caption\":\"DIT Combi \u2013 Cleaning trolleys, Danish design since 1962\"},\"image\":{\"@id\":\"https:\/\/ditcombi.com\/#\/schema\/logo\/image\/\"}}]}<\/script>\n<!-- \/ Yoast SEO plugin. -->","yoast_head_json":{"title":"RGPD - DitCombi","robots":{"index":"index","follow":"follow","max-snippet":"max-snippet:-1","max-image-preview":"max-image-preview:large","max-video-preview":"max-video-preview:-1"},"canonical":"https:\/\/ditcombi.com\/fr\/rgpd\/","og_locale":"fr_FR","og_type":"article","og_title":"RGPD - DitCombi","og_description":"INFORMATION SUR LE TRAITEMENT DES DONN\u00c9ES PERSONNELLES(RGPD) 1. L\u2019administrateur des donn\u00e9es personnelles est DIT COMBI Sp. z o. o. ayant son si\u00e8ge social \u00e0 Tarnowo Podg\u00f3rne, \u00e0 Zbigniewa Romaszewskiego 20 (62-080 Tarnowo Podg\u00f3rne), inscrite au Registre National Juridique (KRS) : 0000641292, sous le Num\u00e9ro identifiant TVA (NIP) : 7811933947, repr\u00e9sent\u00e9e par Jan M. Pasboel, le [&hellip;]","og_url":"https:\/\/ditcombi.com\/fr\/rgpd\/","og_site_name":"DitCombi","article_modified_time":"2024-06-05T13:28:55+00:00","twitter_card":"summary_large_image","twitter_misc":{"Dur\u00e9e de lecture estim\u00e9e":"3 minutes"},"schema":{"@context":"https:\/\/schema.org","@graph":[{"@type":"WebPage","@id":"https:\/\/ditcombi.com\/fr\/rgpd\/","url":"https:\/\/ditcombi.com\/fr\/rgpd\/","name":"RGPD - DitCombi","isPartOf":{"@id":"https:\/\/ditcombi.com\/#website"},"datePublished":"2024-05-16T11:56:49+00:00","dateModified":"2024-06-05T13:28:55+00:00","breadcrumb":{"@id":"https:\/\/ditcombi.com\/fr\/rgpd\/#breadcrumb"},"inLanguage":"fr-FR","potentialAction":[{"@type":"ReadAction","target":["https:\/\/ditcombi.com\/fr\/rgpd\/"]}]},{"@type":"BreadcrumbList","@id":"https:\/\/ditcombi.com\/fr\/rgpd\/#breadcrumb","itemListElement":[{"@type":"ListItem","position":1,"name":"Home","item":"https:\/\/ditcombi.com\/pl\/"},{"@type":"ListItem","position":2,"name":"RGPD"}]},{"@type":"WebSite","@id":"https:\/\/ditcombi.com\/#website","url":"https:\/\/ditcombi.com\/","name":"DitCombi","description":"DIT Combi \u2026 60 Years of Danish Quality cleaning trolleys \u2026 Valget er DIT","publisher":{"@id":"https:\/\/ditcombi.com\/#organization"},"potentialAction":[{"@type":"SearchAction","target":{"@type":"EntryPoint","urlTemplate":"https:\/\/ditcombi.com\/?s={search_term_string}"},"query-input":{"@type":"PropertyValueSpecification","valueRequired":true,"valueName":"search_term_string"}}],"inLanguage":"fr-FR"},{"@type":"Organization","@id":"https:\/\/ditcombi.com\/#organization","name":"DIT Combi \u2013 Cleaning trolleys, Danish design since 1962","url":"https:\/\/ditcombi.com\/","logo":{"@type":"ImageObject","inLanguage":"fr-FR","@id":"https:\/\/ditcombi.com\/#\/schema\/logo\/image\/","url":"https:\/\/ditcombi.com\/wp-content\/uploads\/2020\/09\/cropped-ditlogocrp-1.png","contentUrl":"https:\/\/ditcombi.com\/wp-content\/uploads\/2020\/09\/cropped-ditlogocrp-1.png","width":150,"height":50,"caption":"DIT Combi \u2013 Cleaning trolleys, Danish design since 1962"},"image":{"@id":"https:\/\/ditcombi.com\/#\/schema\/logo\/image\/"}}]}},"_links":{"self":[{"href":"https:\/\/ditcombi.com\/fr\/wp-json\/wp\/v2\/pages\/18305","targetHints":{"allow":["GET"]}}],"collection":[{"href":"https:\/\/ditcombi.com\/fr\/wp-json\/wp\/v2\/pages"}],"about":[{"href":"https:\/\/ditcombi.com\/fr\/wp-json\/wp\/v2\/types\/page"}],"author":[{"embeddable":true,"href":"https:\/\/ditcombi.com\/fr\/wp-json\/wp\/v2\/users\/1"}],"replies":[{"embeddable":true,"href":"https:\/\/ditcombi.com\/fr\/wp-json\/wp\/v2\/comments?post=18305"}],"version-history":[{"count":30,"href":"https:\/\/ditcombi.com\/fr\/wp-json\/wp\/v2\/pages\/18305\/revisions"}],"predecessor-version":[{"id":18455,"href":"https:\/\/ditcombi.com\/fr\/wp-json\/wp\/v2\/pages\/18305\/revisions\/18455"}],"wp:attachment":[{"href":"https:\/\/ditcombi.com\/fr\/wp-json\/wp\/v2\/media?parent=18305"}],"curies":[{"name":"wp","href":"https:\/\/api.w.org\/{rel}","templated":true}]}}