{"id":10994,"date":"2021-03-09T14:54:52","date_gmt":"2021-03-09T14:54:52","guid":{"rendered":"http:\/\/ditcomb.ditcombi.com\/gdpr\/"},"modified":"2021-03-09T15:06:26","modified_gmt":"2021-03-09T15:06:26","slug":"gdpr","status":"publish","type":"page","link":"https:\/\/ditcombi.com\/pl\/gdpr\/","title":{"rendered":"GDPR"},"content":{"rendered":"\t\t<div data-elementor-type=\"wp-page\" data-elementor-id=\"10994\" class=\"elementor elementor-10994 elementor-10987\" data-elementor-settings=\"{&quot;element_pack_global_tooltip_width&quot;:{&quot;unit&quot;:&quot;px&quot;,&quot;size&quot;:&quot;&quot;,&quot;sizes&quot;:[]},&quot;element_pack_global_tooltip_width_tablet&quot;:{&quot;unit&quot;:&quot;px&quot;,&quot;size&quot;:&quot;&quot;,&quot;sizes&quot;:[]},&quot;element_pack_global_tooltip_width_mobile&quot;:{&quot;unit&quot;:&quot;px&quot;,&quot;size&quot;:&quot;&quot;,&quot;sizes&quot;:[]},&quot;element_pack_global_tooltip_padding&quot;:{&quot;unit&quot;:&quot;px&quot;,&quot;top&quot;:&quot;&quot;,&quot;right&quot;:&quot;&quot;,&quot;bottom&quot;:&quot;&quot;,&quot;left&quot;:&quot;&quot;,&quot;isLinked&quot;:true},&quot;element_pack_global_tooltip_padding_tablet&quot;:{&quot;unit&quot;:&quot;px&quot;,&quot;top&quot;:&quot;&quot;,&quot;right&quot;:&quot;&quot;,&quot;bottom&quot;:&quot;&quot;,&quot;left&quot;:&quot;&quot;,&quot;isLinked&quot;:true},&quot;element_pack_global_tooltip_padding_mobile&quot;:{&quot;unit&quot;:&quot;px&quot;,&quot;top&quot;:&quot;&quot;,&quot;right&quot;:&quot;&quot;,&quot;bottom&quot;:&quot;&quot;,&quot;left&quot;:&quot;&quot;,&quot;isLinked&quot;:true},&quot;element_pack_global_tooltip_border_radius&quot;:{&quot;unit&quot;:&quot;px&quot;,&quot;top&quot;:&quot;&quot;,&quot;right&quot;:&quot;&quot;,&quot;bottom&quot;:&quot;&quot;,&quot;left&quot;:&quot;&quot;,&quot;isLinked&quot;:true},&quot;element_pack_global_tooltip_border_radius_tablet&quot;:{&quot;unit&quot;:&quot;px&quot;,&quot;top&quot;:&quot;&quot;,&quot;right&quot;:&quot;&quot;,&quot;bottom&quot;:&quot;&quot;,&quot;left&quot;:&quot;&quot;,&quot;isLinked&quot;:true},&quot;element_pack_global_tooltip_border_radius_mobile&quot;:{&quot;unit&quot;:&quot;px&quot;,&quot;top&quot;:&quot;&quot;,&quot;right&quot;:&quot;&quot;,&quot;bottom&quot;:&quot;&quot;,&quot;left&quot;:&quot;&quot;,&quot;isLinked&quot;:true}}\" data-elementor-post-type=\"page\">\n\t\t\t\t\t\t<section class=\"elementor-section elementor-top-section elementor-element elementor-element-9b6bce6 elementor-section-boxed elementor-section-height-default elementor-section-height-default\" data-id=\"9b6bce6\" data-element_type=\"section\" data-settings=\"{&quot;jet_parallax_layout_list&quot;:[{&quot;jet_parallax_layout_image&quot;:{&quot;url&quot;:&quot;&quot;,&quot;id&quot;:&quot;&quot;,&quot;size&quot;:&quot;&quot;},&quot;_id&quot;:&quot;0159633&quot;,&quot;jet_parallax_layout_image_tablet&quot;:{&quot;url&quot;:&quot;&quot;,&quot;id&quot;:&quot;&quot;,&quot;size&quot;:&quot;&quot;},&quot;jet_parallax_layout_image_mobile&quot;:{&quot;url&quot;:&quot;&quot;,&quot;id&quot;:&quot;&quot;,&quot;size&quot;:&quot;&quot;},&quot;jet_parallax_layout_speed&quot;:{&quot;unit&quot;:&quot;%&quot;,&quot;size&quot;:50,&quot;sizes&quot;:[]},&quot;jet_parallax_layout_type&quot;:&quot;scroll&quot;,&quot;jet_parallax_layout_direction&quot;:&quot;1&quot;,&quot;jet_parallax_layout_fx_direction&quot;:null,&quot;jet_parallax_layout_z_index&quot;:&quot;&quot;,&quot;jet_parallax_layout_bg_x&quot;:50,&quot;jet_parallax_layout_bg_x_tablet&quot;:&quot;&quot;,&quot;jet_parallax_layout_bg_x_mobile&quot;:&quot;&quot;,&quot;jet_parallax_layout_bg_y&quot;:50,&quot;jet_parallax_layout_bg_y_tablet&quot;:&quot;&quot;,&quot;jet_parallax_layout_bg_y_mobile&quot;:&quot;&quot;,&quot;jet_parallax_layout_bg_size&quot;:&quot;auto&quot;,&quot;jet_parallax_layout_bg_size_tablet&quot;:&quot;&quot;,&quot;jet_parallax_layout_bg_size_mobile&quot;:&quot;&quot;,&quot;jet_parallax_layout_animation_prop&quot;:&quot;transform&quot;,&quot;jet_parallax_layout_on&quot;:[&quot;desktop&quot;,&quot;tablet&quot;]}]}\">\n\t\t\t\t\t\t<div class=\"elementor-container elementor-column-gap-default\">\n\t\t\t\t\t<div class=\"elementor-column elementor-col-100 elementor-top-column elementor-element elementor-element-382256f\" data-id=\"382256f\" data-element_type=\"column\">\n\t\t\t<div class=\"elementor-widget-wrap elementor-element-populated\">\n\t\t\t\t\t\t<div class=\"elementor-element elementor-element-230bae2 elementor-widget elementor-widget-heading\" data-id=\"230bae2\" data-element_type=\"widget\" data-widget_type=\"heading.default\">\n\t\t\t\t<div class=\"elementor-widget-container\">\n\t\t\t\t\t<h1 class=\"elementor-heading-title elementor-size-default\">INFORMACJA O PRZETWARZANIU DANYCH OSOBOWYCH<br>(GDPR)<\/h1>\t\t\t\t<\/div>\n\t\t\t\t<\/div>\n\t\t\t\t\t<\/div>\n\t\t<\/div>\n\t\t\t\t\t<\/div>\n\t\t<\/section>\n\t\t\t\t<section class=\"elementor-section elementor-top-section elementor-element elementor-element-6a1dece8 elementor-section-boxed elementor-section-height-default elementor-section-height-default\" data-id=\"6a1dece8\" data-element_type=\"section\" data-settings=\"{&quot;jet_parallax_layout_list&quot;:[{&quot;jet_parallax_layout_image&quot;:{&quot;url&quot;:&quot;&quot;,&quot;id&quot;:&quot;&quot;,&quot;size&quot;:&quot;&quot;},&quot;_id&quot;:&quot;ae0db5d&quot;,&quot;jet_parallax_layout_image_tablet&quot;:{&quot;url&quot;:&quot;&quot;,&quot;id&quot;:&quot;&quot;,&quot;size&quot;:&quot;&quot;},&quot;jet_parallax_layout_image_mobile&quot;:{&quot;url&quot;:&quot;&quot;,&quot;id&quot;:&quot;&quot;,&quot;size&quot;:&quot;&quot;},&quot;jet_parallax_layout_speed&quot;:{&quot;unit&quot;:&quot;%&quot;,&quot;size&quot;:50,&quot;sizes&quot;:[]},&quot;jet_parallax_layout_type&quot;:&quot;scroll&quot;,&quot;jet_parallax_layout_direction&quot;:&quot;1&quot;,&quot;jet_parallax_layout_fx_direction&quot;:null,&quot;jet_parallax_layout_z_index&quot;:&quot;&quot;,&quot;jet_parallax_layout_bg_x&quot;:50,&quot;jet_parallax_layout_bg_x_tablet&quot;:&quot;&quot;,&quot;jet_parallax_layout_bg_x_mobile&quot;:&quot;&quot;,&quot;jet_parallax_layout_bg_y&quot;:50,&quot;jet_parallax_layout_bg_y_tablet&quot;:&quot;&quot;,&quot;jet_parallax_layout_bg_y_mobile&quot;:&quot;&quot;,&quot;jet_parallax_layout_bg_size&quot;:&quot;auto&quot;,&quot;jet_parallax_layout_bg_size_tablet&quot;:&quot;&quot;,&quot;jet_parallax_layout_bg_size_mobile&quot;:&quot;&quot;,&quot;jet_parallax_layout_animation_prop&quot;:&quot;transform&quot;,&quot;jet_parallax_layout_on&quot;:[&quot;desktop&quot;,&quot;tablet&quot;]}]}\">\n\t\t\t\t\t\t<div class=\"elementor-container elementor-column-gap-default\">\n\t\t\t\t\t<div class=\"elementor-column elementor-col-100 elementor-top-column elementor-element elementor-element-74794e4d\" data-id=\"74794e4d\" data-element_type=\"column\">\n\t\t\t<div class=\"elementor-widget-wrap elementor-element-populated\">\n\t\t\t\t\t\t<div class=\"elementor-element elementor-element-146515a6 elementor-widget elementor-widget-text-editor\" data-id=\"146515a6\" data-element_type=\"widget\" data-widget_type=\"text-editor.default\">\n\t\t\t\t<div class=\"elementor-widget-container\">\n\t\t\t\t\t\t\t\t\t<p><strong><\/strong>\n<\/p>\n<p>\n  Dla danych pozyskanych bezpo\u015brednio od os\u00f3b:\n<\/p>\n<p>\n   \n<\/p><ol><li>\n  Administratorem danych osobowych jest <strong>DIT COMBI sp. z o.o. <\/strong>z siedzib\u0105 w Tarnowie Podg\u00f3rnym ul. Zbigniewa Romaszewskiego 20 (62-080 Tarnowo Podg\u00f3rne) wpisan\u0105 do rejestru KRS pod numerem: 0000641292, nr NIP: 7811933947, reprezentowana przez Prezesa Zarz\u0105du Jana M. Pasboel  \n<\/li><li>\n  W ka\u017cdej chwili mog\u0105 Pa\u0144stwo skontaktowa\u0107 si\u0119 z nami korespondencyjnie pod powy\u017cszym adresem lub pod adresem poczty elektronicznej <a id=\"_Hlk64987377\"><\/a>office@ditcombi.com\n<\/li><li>\n  Pa\u0144stwa dane osobowe przetwarza\u0107 mo\u017cemy na podstawie i w celach: \n<\/li><li>\n  Art. 6 ust. 1 lit. b RODO &#8211; podj\u0119cia dzia\u0142a\u0144 przed zawarciem umowy oraz zawarcia umowy i jej wykonania; \n<\/li><li>\n  Art. 6 ust. 1 lit. c RODO &#8211; wype\u0142niania ci\u0105\u017c\u0105cych na nas obowi\u0105zk\u00f3w prawnych; \n<\/li><li>\n  Art. 6 ust. 1 lit. f RODO &#8211; realizacji prawnie uzasadnionych interes\u00f3w naszych i naszych partner\u00f3w, takich jak: \n<\/li><\/ol>\n<p>\n  &#8211; realizacja wewn\u0119trznych cel\u00f3w administracyjnych w ramach grupy przedsi\u0119biorstw; \n<\/p>\n<p>\n  &#8211; ustalenie lub dochodzenie roszcze\u0144 lub obrona przez roszczeniami; \n<\/p>\n<p>\n  &#8211; prowadzenie statystyk lub analizowanie danych; \n<\/p><ol><li>\n  Podanie danych osobowych jest dobrowolne, ale warunkuje zawarcie umowy.  \n<\/li><li>\n  Nie podejmujemy wobec Pa\u0144stwa decyzji w spos\u00f3b zautomatyzowany i nie dokonujemy profilowania. \n<\/li><li>\n  Pa\u0144stwa dane osobowe mo\u017cemy udost\u0119pnia\u0107: \n<\/li><li>\n  Organom administracji, w szczeg\u00f3lno\u015bci organom zarz\u0105dzaj\u0105cym programami operacyjnymi; \n<\/li><li>\n  Podmiotom prowadz\u0105cym dzia\u0142alno\u015b\u0107 pocztow\u0105 lub kuriersk\u0105; \n<\/li><li>\n  Bankom i instytucjom p\u0142atniczym; \n<\/li><li>\n  Naszym partnerom, tj. podmiotom wchodz\u0105cym w sk\u0142ad grupy przedsi\u0119biorstw; \n<\/li><li>\n  Naszym podwykonawcom, w szczeg\u00f3lno\u015bci podmiotom zapewniaj\u0105cym obs\u0142ug\u0119 lub udost\u0119pniaj\u0105cym nam systemy teleinformatyczne oraz podmiotom \u015bwiadcz\u0105cym dla nas us\u0142ugi doradcze takie jak us\u0142ugi prawne lub podatkowe. \n<\/li><li><a id=\"_Hlk64987467\"><\/a>\n  Pa\u0144stwa dane osobowe przetwarzane b\u0119d\u0105 przez nas przez okres trwania umowy, a nast\u0119pnie po zako\u0144czeniu trwania umowy i ograniczeniu ich zakresu do danych niezb\u0119dnych do wype\u0142niania ci\u0105\u017c\u0105cych na nas obowi\u0105zk\u00f3w prawnych, dane przetwarzane b\u0119d\u0105 w okresie wskazanym w przepisach prawa powszechnie obowi\u0105zuj\u0105cego lub zgodnie z kryteriami w nich wyznaczonymi. W tym samym okresie Pa\u0144stwa dane osobowe przetwarzane b\u0119d\u0105 w celu realizacji prawnie uzasadnionych interes\u00f3w naszych i naszych partner\u00f3w, je\u017celi nie sprzeciwi\u0105 si\u0119 Pa\u0144stwo temu. Ponadto, gdy istnia\u0142y b\u0119d\u0105 wa\u017cne, prawnie uzasadnione podstawy do przetwarzania, nadrz\u0119dne wobec Pa\u0144stwa interes\u00f3w, praw i wolno\u015bci lub podstawy do ustalenia lub dochodzenia roszcze\u0144 lub obrony przed roszczeniami.  \n<\/li><li>\n  Przys\u0142uguj\u0105 Pa\u0144stwu nast\u0119puj\u0105ce uprawnienia, w celu realizacji kt\u00f3rych to uprawnie\u0144 prosimy o kontakt z nami: \n<\/li><li>\n  Prawo do uzyskania potwierdzenia czy przetwarzamy Pa\u0144stwa dane osobowe i dost\u0119pu do nich na Pa\u0144stwa wniosek, jak r\u00f3wnie\u017c prawo do dokonania sprostowania danych nieprawid\u0142owych lub uzupe\u0142nienia danych niekompletnych; \n<\/li><li>\n  W sytuacjach okre\u015blonych w prawie ochrony danych osobowych oraz w zakresie tam wskazanym, zrealizujemy ponadto Pa\u0144stwa uprawnienia do: \n<\/li><\/ol>\n<p>\n  &#8211; usuni\u0119cia danych osobowych; \n<\/p>\n<p>\n  &#8211; ograniczenia przetwarzania danych osobowych; \n<\/p>\n<p>\n  &#8211; przenoszenia danych osobowych; \n<\/p>\n<p>\n  &#8211; sprzeciwu wobec przetwarzania danych osobowych. \n<\/p><ol><li>\n  Dok\u0142adamy wszelkich stara\u0144, aby przetwarzanie Pa\u0144stwa danych osobowych odbywa\u0142o si\u0119 w spos\u00f3b zgodny z przepisami prawa. Je\u017celi jednak uznaj\u0105 Pa\u0144stwo, i\u017c dopu\u015bcili\u015bmy si\u0119 naruszenia, maj\u0105 Pa\u0144stwo wnie\u015b\u0107 skarg\u0119 do Prezesa Urz\u0119du Ochrony Danych Osobowych. \n<\/li><\/ol>\t\t\t\t\t\t\t\t<\/div>\n\t\t\t\t<\/div>\n\t\t\t\t\t<\/div>\n\t\t<\/div>\n\t\t\t\t\t<\/div>\n\t\t<\/section>\n\t\t\t\t<\/div>\n\t\t","protected":false},"excerpt":{"rendered":"<p>INFORMACJA O PRZETWARZANIU DANYCH OSOBOWYCH(GDPR) Dla danych pozyskanych bezpo\u015brednio od os\u00f3b: Administratorem danych osobowych jest DIT COMBI sp. z o.o. z siedzib\u0105 w Tarnowie Podg\u00f3rnym ul. Zbigniewa Romaszewskiego 20 (62-080 Tarnowo Podg\u00f3rne) wpisan\u0105 do rejestru KRS pod numerem: 0000641292, nr NIP: 7811933947, reprezentowana przez Prezesa Zarz\u0105du Jana M. Pasboel W ka\u017cdej chwili mog\u0105 Pa\u0144stwo skontaktowa\u0107 [&hellip;]<\/p>\n","protected":false},"author":1,"featured_media":0,"parent":0,"menu_order":0,"comment_status":"closed","ping_status":"closed","template":"","meta":{"_acf_changed":false,"site-sidebar-layout":"default","site-content-layout":"default","ast-site-content-layout":"","site-content-style":"default","site-sidebar-style":"default","ast-global-header-display":"","ast-banner-title-visibility":"","ast-main-header-display":"disabled","ast-hfb-above-header-display":"","ast-hfb-below-header-display":"","ast-hfb-mobile-header-display":"","site-post-title":"disabled","ast-breadcrumbs-content":"disabled","ast-featured-img":"","footer-sml-layout":"","theme-transparent-header-meta":"default","adv-header-id-meta":"","stick-header-meta":"","header-above-stick-meta":"","header-main-stick-meta":"","header-below-stick-meta":"","astra-migrate-meta-layouts":"default","ast-page-background-enabled":"default","ast-page-background-meta":{"desktop":{"background-color":"","background-image":"","background-repeat":"repeat","background-position":"center center","background-size":"auto","background-attachment":"scroll","background-type":"","background-media":"","overlay-type":"","overlay-color":"","overlay-opacity":"","overlay-gradient":""},"tablet":{"background-color":"","background-image":"","background-repeat":"repeat","background-position":"center center","background-size":"auto","background-attachment":"scroll","background-type":"","background-media":"","overlay-type":"","overlay-color":"","overlay-opacity":"","overlay-gradient":""},"mobile":{"background-color":"","background-image":"","background-repeat":"repeat","background-position":"center center","background-size":"auto","background-attachment":"scroll","background-type":"","background-media":"","overlay-type":"","overlay-color":"","overlay-opacity":"","overlay-gradient":""}},"ast-content-background-meta":{"desktop":{"background-color":"var(--ast-global-color-5)","background-image":"","background-repeat":"repeat","background-position":"center center","background-size":"auto","background-attachment":"scroll","background-type":"","background-media":"","overlay-type":"","overlay-color":"","overlay-opacity":"","overlay-gradient":""},"tablet":{"background-color":"var(--ast-global-color-5)","background-image":"","background-repeat":"repeat","background-position":"center center","background-size":"auto","background-attachment":"scroll","background-type":"","background-media":"","overlay-type":"","overlay-color":"","overlay-opacity":"","overlay-gradient":""},"mobile":{"background-color":"var(--ast-global-color-5)","background-image":"","background-repeat":"repeat","background-position":"center center","background-size":"auto","background-attachment":"scroll","background-type":"","background-media":"","overlay-type":"","overlay-color":"","overlay-opacity":"","overlay-gradient":""}},"footnotes":""},"class_list":["post-10994","page","type-page","status-publish","hentry"],"acf":[],"yoast_head":"<!-- This site is optimized with the Yoast SEO plugin v26.7 - https:\/\/yoast.com\/wordpress\/plugins\/seo\/ -->\n<title>GDPR - DitCombi<\/title>\n<meta name=\"robots\" content=\"index, follow, max-snippet:-1, max-image-preview:large, max-video-preview:-1\" \/>\n<link rel=\"canonical\" href=\"https:\/\/ditcombi.com\/pl\/gdpr\/\" \/>\n<meta property=\"og:locale\" content=\"pl_PL\" \/>\n<meta property=\"og:type\" content=\"article\" \/>\n<meta property=\"og:title\" content=\"GDPR - DitCombi\" \/>\n<meta property=\"og:description\" content=\"INFORMACJA O PRZETWARZANIU DANYCH OSOBOWYCH(GDPR) Dla danych pozyskanych bezpo\u015brednio od os\u00f3b: Administratorem danych osobowych jest DIT COMBI sp. z o.o. z siedzib\u0105 w Tarnowie Podg\u00f3rnym ul. Zbigniewa Romaszewskiego 20 (62-080 Tarnowo Podg\u00f3rne) wpisan\u0105 do rejestru KRS pod numerem: 0000641292, nr NIP: 7811933947, reprezentowana przez Prezesa Zarz\u0105du Jana M. Pasboel W ka\u017cdej chwili mog\u0105 Pa\u0144stwo skontaktowa\u0107 [&hellip;]\" \/>\n<meta property=\"og:url\" content=\"https:\/\/ditcombi.com\/pl\/gdpr\/\" \/>\n<meta property=\"og:site_name\" content=\"DitCombi\" \/>\n<meta property=\"article:modified_time\" content=\"2021-03-09T15:06:26+00:00\" \/>\n<meta name=\"twitter:card\" content=\"summary_large_image\" \/>\n<meta name=\"twitter:label1\" content=\"Szacowany czas czytania\" \/>\n\t<meta name=\"twitter:data1\" content=\"3 minuty\" \/>\n<script type=\"application\/ld+json\" class=\"yoast-schema-graph\">{\"@context\":\"https:\/\/schema.org\",\"@graph\":[{\"@type\":\"WebPage\",\"@id\":\"https:\/\/ditcombi.com\/pl\/gdpr\/\",\"url\":\"https:\/\/ditcombi.com\/pl\/gdpr\/\",\"name\":\"GDPR - DitCombi\",\"isPartOf\":{\"@id\":\"https:\/\/ditcombi.com\/#website\"},\"datePublished\":\"2021-03-09T14:54:52+00:00\",\"dateModified\":\"2021-03-09T15:06:26+00:00\",\"breadcrumb\":{\"@id\":\"https:\/\/ditcombi.com\/pl\/gdpr\/#breadcrumb\"},\"inLanguage\":\"pl-PL\",\"potentialAction\":[{\"@type\":\"ReadAction\",\"target\":[\"https:\/\/ditcombi.com\/pl\/gdpr\/\"]}]},{\"@type\":\"BreadcrumbList\",\"@id\":\"https:\/\/ditcombi.com\/pl\/gdpr\/#breadcrumb\",\"itemListElement\":[{\"@type\":\"ListItem\",\"position\":1,\"name\":\"Home\",\"item\":\"https:\/\/ditcombi.com\/fr\/\"},{\"@type\":\"ListItem\",\"position\":2,\"name\":\"GDPR\"}]},{\"@type\":\"WebSite\",\"@id\":\"https:\/\/ditcombi.com\/#website\",\"url\":\"https:\/\/ditcombi.com\/\",\"name\":\"DitCombi\",\"description\":\"DIT Combi \u2026 60 Years of Danish Quality cleaning trolleys \u2026 Valget er DIT\",\"publisher\":{\"@id\":\"https:\/\/ditcombi.com\/#organization\"},\"potentialAction\":[{\"@type\":\"SearchAction\",\"target\":{\"@type\":\"EntryPoint\",\"urlTemplate\":\"https:\/\/ditcombi.com\/?s={search_term_string}\"},\"query-input\":{\"@type\":\"PropertyValueSpecification\",\"valueRequired\":true,\"valueName\":\"search_term_string\"}}],\"inLanguage\":\"pl-PL\"},{\"@type\":\"Organization\",\"@id\":\"https:\/\/ditcombi.com\/#organization\",\"name\":\"DIT Combi \u2013 Cleaning trolleys, Danish design since 1962\",\"url\":\"https:\/\/ditcombi.com\/\",\"logo\":{\"@type\":\"ImageObject\",\"inLanguage\":\"pl-PL\",\"@id\":\"https:\/\/ditcombi.com\/#\/schema\/logo\/image\/\",\"url\":\"https:\/\/ditcombi.com\/wp-content\/uploads\/2020\/09\/cropped-ditlogocrp-1.png\",\"contentUrl\":\"https:\/\/ditcombi.com\/wp-content\/uploads\/2020\/09\/cropped-ditlogocrp-1.png\",\"width\":150,\"height\":50,\"caption\":\"DIT Combi \u2013 Cleaning trolleys, Danish design since 1962\"},\"image\":{\"@id\":\"https:\/\/ditcombi.com\/#\/schema\/logo\/image\/\"}}]}<\/script>\n<!-- \/ Yoast SEO plugin. -->","yoast_head_json":{"title":"GDPR - DitCombi","robots":{"index":"index","follow":"follow","max-snippet":"max-snippet:-1","max-image-preview":"max-image-preview:large","max-video-preview":"max-video-preview:-1"},"canonical":"https:\/\/ditcombi.com\/pl\/gdpr\/","og_locale":"pl_PL","og_type":"article","og_title":"GDPR - DitCombi","og_description":"INFORMACJA O PRZETWARZANIU DANYCH OSOBOWYCH(GDPR) Dla danych pozyskanych bezpo\u015brednio od os\u00f3b: Administratorem danych osobowych jest DIT COMBI sp. z o.o. z siedzib\u0105 w Tarnowie Podg\u00f3rnym ul. Zbigniewa Romaszewskiego 20 (62-080 Tarnowo Podg\u00f3rne) wpisan\u0105 do rejestru KRS pod numerem: 0000641292, nr NIP: 7811933947, reprezentowana przez Prezesa Zarz\u0105du Jana M. Pasboel W ka\u017cdej chwili mog\u0105 Pa\u0144stwo skontaktowa\u0107 [&hellip;]","og_url":"https:\/\/ditcombi.com\/pl\/gdpr\/","og_site_name":"DitCombi","article_modified_time":"2021-03-09T15:06:26+00:00","twitter_card":"summary_large_image","twitter_misc":{"Szacowany czas czytania":"3 minuty"},"schema":{"@context":"https:\/\/schema.org","@graph":[{"@type":"WebPage","@id":"https:\/\/ditcombi.com\/pl\/gdpr\/","url":"https:\/\/ditcombi.com\/pl\/gdpr\/","name":"GDPR - DitCombi","isPartOf":{"@id":"https:\/\/ditcombi.com\/#website"},"datePublished":"2021-03-09T14:54:52+00:00","dateModified":"2021-03-09T15:06:26+00:00","breadcrumb":{"@id":"https:\/\/ditcombi.com\/pl\/gdpr\/#breadcrumb"},"inLanguage":"pl-PL","potentialAction":[{"@type":"ReadAction","target":["https:\/\/ditcombi.com\/pl\/gdpr\/"]}]},{"@type":"BreadcrumbList","@id":"https:\/\/ditcombi.com\/pl\/gdpr\/#breadcrumb","itemListElement":[{"@type":"ListItem","position":1,"name":"Home","item":"https:\/\/ditcombi.com\/fr\/"},{"@type":"ListItem","position":2,"name":"GDPR"}]},{"@type":"WebSite","@id":"https:\/\/ditcombi.com\/#website","url":"https:\/\/ditcombi.com\/","name":"DitCombi","description":"DIT Combi \u2026 60 Years of Danish Quality cleaning trolleys \u2026 Valget er DIT","publisher":{"@id":"https:\/\/ditcombi.com\/#organization"},"potentialAction":[{"@type":"SearchAction","target":{"@type":"EntryPoint","urlTemplate":"https:\/\/ditcombi.com\/?s={search_term_string}"},"query-input":{"@type":"PropertyValueSpecification","valueRequired":true,"valueName":"search_term_string"}}],"inLanguage":"pl-PL"},{"@type":"Organization","@id":"https:\/\/ditcombi.com\/#organization","name":"DIT Combi \u2013 Cleaning trolleys, Danish design since 1962","url":"https:\/\/ditcombi.com\/","logo":{"@type":"ImageObject","inLanguage":"pl-PL","@id":"https:\/\/ditcombi.com\/#\/schema\/logo\/image\/","url":"https:\/\/ditcombi.com\/wp-content\/uploads\/2020\/09\/cropped-ditlogocrp-1.png","contentUrl":"https:\/\/ditcombi.com\/wp-content\/uploads\/2020\/09\/cropped-ditlogocrp-1.png","width":150,"height":50,"caption":"DIT Combi \u2013 Cleaning trolleys, Danish design since 1962"},"image":{"@id":"https:\/\/ditcombi.com\/#\/schema\/logo\/image\/"}}]}},"_links":{"self":[{"href":"https:\/\/ditcombi.com\/pl\/wp-json\/wp\/v2\/pages\/10994","targetHints":{"allow":["GET"]}}],"collection":[{"href":"https:\/\/ditcombi.com\/pl\/wp-json\/wp\/v2\/pages"}],"about":[{"href":"https:\/\/ditcombi.com\/pl\/wp-json\/wp\/v2\/types\/page"}],"author":[{"embeddable":true,"href":"https:\/\/ditcombi.com\/pl\/wp-json\/wp\/v2\/users\/1"}],"replies":[{"embeddable":true,"href":"https:\/\/ditcombi.com\/pl\/wp-json\/wp\/v2\/comments?post=10994"}],"version-history":[{"count":0,"href":"https:\/\/ditcombi.com\/pl\/wp-json\/wp\/v2\/pages\/10994\/revisions"}],"wp:attachment":[{"href":"https:\/\/ditcombi.com\/pl\/wp-json\/wp\/v2\/media?parent=10994"}],"curies":[{"name":"wp","href":"https:\/\/api.w.org\/{rel}","templated":true}]}}