{"id":14429,"date":"2023-04-03T14:21:11","date_gmt":"2023-04-03T14:21:11","guid":{"rendered":"https:\/\/ditcombi.com\/rilsan-2\/"},"modified":"2024-04-14T19:01:54","modified_gmt":"2024-04-14T19:01:54","slug":"rilsan-2-2","status":"publish","type":"page","link":"https:\/\/ditcombi.com\/pl\/rilsan-2-2\/","title":{"rendered":"Rilsan"},"content":{"rendered":"\t\t<div data-elementor-type=\"wp-page\" data-elementor-id=\"14429\" class=\"elementor elementor-14429\" data-elementor-settings=\"{&quot;element_pack_global_tooltip_width&quot;:{&quot;unit&quot;:&quot;px&quot;,&quot;size&quot;:&quot;&quot;,&quot;sizes&quot;:[]},&quot;element_pack_global_tooltip_width_tablet&quot;:{&quot;unit&quot;:&quot;px&quot;,&quot;size&quot;:&quot;&quot;,&quot;sizes&quot;:[]},&quot;element_pack_global_tooltip_width_mobile&quot;:{&quot;unit&quot;:&quot;px&quot;,&quot;size&quot;:&quot;&quot;,&quot;sizes&quot;:[]},&quot;element_pack_global_tooltip_padding&quot;:{&quot;unit&quot;:&quot;px&quot;,&quot;top&quot;:&quot;&quot;,&quot;right&quot;:&quot;&quot;,&quot;bottom&quot;:&quot;&quot;,&quot;left&quot;:&quot;&quot;,&quot;isLinked&quot;:true},&quot;element_pack_global_tooltip_padding_tablet&quot;:{&quot;unit&quot;:&quot;px&quot;,&quot;top&quot;:&quot;&quot;,&quot;right&quot;:&quot;&quot;,&quot;bottom&quot;:&quot;&quot;,&quot;left&quot;:&quot;&quot;,&quot;isLinked&quot;:true},&quot;element_pack_global_tooltip_padding_mobile&quot;:{&quot;unit&quot;:&quot;px&quot;,&quot;top&quot;:&quot;&quot;,&quot;right&quot;:&quot;&quot;,&quot;bottom&quot;:&quot;&quot;,&quot;left&quot;:&quot;&quot;,&quot;isLinked&quot;:true},&quot;element_pack_global_tooltip_border_radius&quot;:{&quot;unit&quot;:&quot;px&quot;,&quot;top&quot;:&quot;&quot;,&quot;right&quot;:&quot;&quot;,&quot;bottom&quot;:&quot;&quot;,&quot;left&quot;:&quot;&quot;,&quot;isLinked&quot;:true},&quot;element_pack_global_tooltip_border_radius_tablet&quot;:{&quot;unit&quot;:&quot;px&quot;,&quot;top&quot;:&quot;&quot;,&quot;right&quot;:&quot;&quot;,&quot;bottom&quot;:&quot;&quot;,&quot;left&quot;:&quot;&quot;,&quot;isLinked&quot;:true},&quot;element_pack_global_tooltip_border_radius_mobile&quot;:{&quot;unit&quot;:&quot;px&quot;,&quot;top&quot;:&quot;&quot;,&quot;right&quot;:&quot;&quot;,&quot;bottom&quot;:&quot;&quot;,&quot;left&quot;:&quot;&quot;,&quot;isLinked&quot;:true}}\" data-elementor-post-type=\"page\">\n\t\t\t\t\t\t<section class=\"elementor-section elementor-top-section elementor-element elementor-element-68b2317 elementor-section-boxed elementor-section-height-default elementor-section-height-default\" data-id=\"68b2317\" data-element_type=\"section\" data-settings=\"{&quot;jet_parallax_layout_list&quot;:[{&quot;jet_parallax_layout_image&quot;:{&quot;url&quot;:&quot;&quot;,&quot;id&quot;:&quot;&quot;,&quot;size&quot;:&quot;&quot;},&quot;_id&quot;:&quot;a77957c&quot;,&quot;jet_parallax_layout_image_tablet&quot;:{&quot;url&quot;:&quot;&quot;,&quot;id&quot;:&quot;&quot;,&quot;size&quot;:&quot;&quot;},&quot;jet_parallax_layout_image_mobile&quot;:{&quot;url&quot;:&quot;&quot;,&quot;id&quot;:&quot;&quot;,&quot;size&quot;:&quot;&quot;},&quot;jet_parallax_layout_speed&quot;:{&quot;unit&quot;:&quot;%&quot;,&quot;size&quot;:50,&quot;sizes&quot;:[]},&quot;jet_parallax_layout_type&quot;:&quot;scroll&quot;,&quot;jet_parallax_layout_direction&quot;:&quot;1&quot;,&quot;jet_parallax_layout_fx_direction&quot;:null,&quot;jet_parallax_layout_z_index&quot;:&quot;&quot;,&quot;jet_parallax_layout_bg_x&quot;:50,&quot;jet_parallax_layout_bg_x_tablet&quot;:&quot;&quot;,&quot;jet_parallax_layout_bg_x_mobile&quot;:&quot;&quot;,&quot;jet_parallax_layout_bg_y&quot;:50,&quot;jet_parallax_layout_bg_y_tablet&quot;:&quot;&quot;,&quot;jet_parallax_layout_bg_y_mobile&quot;:&quot;&quot;,&quot;jet_parallax_layout_bg_size&quot;:&quot;auto&quot;,&quot;jet_parallax_layout_bg_size_tablet&quot;:&quot;&quot;,&quot;jet_parallax_layout_bg_size_mobile&quot;:&quot;&quot;,&quot;jet_parallax_layout_animation_prop&quot;:&quot;transform&quot;,&quot;jet_parallax_layout_on&quot;:[&quot;desktop&quot;,&quot;tablet&quot;]}],&quot;background_background&quot;:&quot;classic&quot;}\">\n\t\t\t\t\t\t<div class=\"elementor-container elementor-column-gap-default\">\n\t\t\t\t\t<div class=\"elementor-column elementor-col-33 elementor-top-column elementor-element elementor-element-d6744f4\" data-id=\"d6744f4\" data-element_type=\"column\">\n\t\t\t<div class=\"elementor-widget-wrap\">\n\t\t\t\t\t\t\t<\/div>\n\t\t<\/div>\n\t\t\t\t<div class=\"elementor-column elementor-col-33 elementor-top-column elementor-element elementor-element-6bd75da\" data-id=\"6bd75da\" data-element_type=\"column\" data-settings=\"{&quot;background_background&quot;:&quot;classic&quot;}\">\n\t\t\t<div class=\"elementor-widget-wrap elementor-element-populated\">\n\t\t\t\t\t\t<div class=\"elementor-element elementor-element-2e8ff32 elementor-widget elementor-widget-heading\" data-id=\"2e8ff32\" data-element_type=\"widget\" data-widget_type=\"heading.default\">\n\t\t\t\t<div class=\"elementor-widget-container\">\n\t\t\t\t\t<p class=\"elementor-heading-title elementor-size-default\">RILSAN<\/p>\t\t\t\t<\/div>\n\t\t\t\t<\/div>\n\t\t\t\t<div class=\"elementor-element elementor-element-f0d8fb6 elementor-widget-divider--view-line elementor-widget elementor-widget-divider\" data-id=\"f0d8fb6\" data-element_type=\"widget\" data-widget_type=\"divider.default\">\n\t\t\t\t<div class=\"elementor-widget-container\">\n\t\t\t\t\t\t\t<div class=\"elementor-divider\">\n\t\t\t<span class=\"elementor-divider-separator\">\n\t\t\t\t\t\t<\/span>\n\t\t<\/div>\n\t\t\t\t\t\t<\/div>\n\t\t\t\t<\/div>\n\t\t\t\t<div class=\"elementor-element elementor-element-bad7e6c elementor-widget elementor-widget-text-editor\" data-id=\"bad7e6c\" data-element_type=\"widget\" data-widget_type=\"text-editor.default\">\n\t\t\t\t<div class=\"elementor-widget-container\">\n\t\t\t\t\t\t\t\t\t<h4 style=\"text-align: center;\"><span style=\"color: #2980b9;\">Pow\u0142oka Rilsan jest odporna na zabrudzenia i \u0142atwa do czyszczenia. Perfekcyjnie szczelna powierzchnia minimalizuje mo\u017cliwo\u015b\u0107 powstawania bakterii, w znacznie wi\u0119kszym stopniu ni\u017c w przypadku np. stali nierdzewnej.\n<\/span><\/h4>\t\t\t\t\t\t\t\t<\/div>\n\t\t\t\t<\/div>\n\t\t\t\t<div class=\"elementor-element elementor-element-6fa0d04 elementor-widget elementor-widget-text-editor\" data-id=\"6fa0d04\" data-element_type=\"widget\" data-widget_type=\"text-editor.default\">\n\t\t\t\t<div class=\"elementor-widget-container\">\n\t\t\t\t\t\t\t\t\t<p>Produkty DIT Combi z pow\u0142ok\u0105 Rilsan s\u0105 odporne na temperatury od \u2013 40 stopni do + 120 stopni i autoklawowanie (ci\u015bnienie gor\u0105cej pary) przez 2-3 minuty, stosowane m.in. w szpitalach dla usuwania bakterii. Rilsan jest r\u00f3wnie\u017c odporny na wi\u0119kszo\u015b\u0107 kwas\u00f3w i zasad.<\/p>\n\t\t\t\t\t\t\t\t<\/div>\n\t\t\t\t<\/div>\n\t\t\t\t\t<\/div>\n\t\t<\/div>\n\t\t\t\t<div class=\"elementor-column elementor-col-33 elementor-top-column elementor-element elementor-element-2a0567f\" data-id=\"2a0567f\" data-element_type=\"column\">\n\t\t\t<div class=\"elementor-widget-wrap\">\n\t\t\t\t\t\t\t<\/div>\n\t\t<\/div>\n\t\t\t\t\t<\/div>\n\t\t<\/section>\n\t\t\t\t<section class=\"elementor-section elementor-top-section elementor-element elementor-element-64b4d60 elementor-section-boxed elementor-section-height-default elementor-section-height-default\" data-id=\"64b4d60\" data-element_type=\"section\" data-settings=\"{&quot;jet_parallax_layout_list&quot;:[{&quot;jet_parallax_layout_image&quot;:{&quot;url&quot;:&quot;&quot;,&quot;id&quot;:&quot;&quot;,&quot;size&quot;:&quot;&quot;},&quot;_id&quot;:&quot;067d64e&quot;,&quot;jet_parallax_layout_image_tablet&quot;:{&quot;url&quot;:&quot;&quot;,&quot;id&quot;:&quot;&quot;,&quot;size&quot;:&quot;&quot;},&quot;jet_parallax_layout_image_mobile&quot;:{&quot;url&quot;:&quot;&quot;,&quot;id&quot;:&quot;&quot;,&quot;size&quot;:&quot;&quot;},&quot;jet_parallax_layout_speed&quot;:{&quot;unit&quot;:&quot;%&quot;,&quot;size&quot;:50,&quot;sizes&quot;:[]},&quot;jet_parallax_layout_type&quot;:&quot;scroll&quot;,&quot;jet_parallax_layout_direction&quot;:&quot;1&quot;,&quot;jet_parallax_layout_fx_direction&quot;:null,&quot;jet_parallax_layout_z_index&quot;:&quot;&quot;,&quot;jet_parallax_layout_bg_x&quot;:50,&quot;jet_parallax_layout_bg_x_tablet&quot;:&quot;&quot;,&quot;jet_parallax_layout_bg_x_mobile&quot;:&quot;&quot;,&quot;jet_parallax_layout_bg_y&quot;:50,&quot;jet_parallax_layout_bg_y_tablet&quot;:&quot;&quot;,&quot;jet_parallax_layout_bg_y_mobile&quot;:&quot;&quot;,&quot;jet_parallax_layout_bg_size&quot;:&quot;auto&quot;,&quot;jet_parallax_layout_bg_size_tablet&quot;:&quot;&quot;,&quot;jet_parallax_layout_bg_size_mobile&quot;:&quot;&quot;,&quot;jet_parallax_layout_animation_prop&quot;:&quot;transform&quot;,&quot;jet_parallax_layout_on&quot;:[&quot;desktop&quot;,&quot;tablet&quot;]}]}\">\n\t\t\t\t\t\t<div class=\"elementor-container elementor-column-gap-default\">\n\t\t\t\t\t<div class=\"elementor-column elementor-col-33 elementor-top-column elementor-element elementor-element-b3b7a9a\" data-id=\"b3b7a9a\" data-element_type=\"column\">\n\t\t\t<div class=\"elementor-widget-wrap\">\n\t\t\t\t\t\t\t<\/div>\n\t\t<\/div>\n\t\t\t\t<div class=\"elementor-column elementor-col-33 elementor-top-column elementor-element elementor-element-d3bc7c0\" data-id=\"d3bc7c0\" data-element_type=\"column\">\n\t\t\t<div class=\"elementor-widget-wrap elementor-element-populated\">\n\t\t\t\t\t\t<div class=\"elementor-element elementor-element-c1f9df4 elementor-widget-divider--view-line elementor-widget elementor-widget-divider\" data-id=\"c1f9df4\" data-element_type=\"widget\" data-widget_type=\"divider.default\">\n\t\t\t\t<div class=\"elementor-widget-container\">\n\t\t\t\t\t\t\t<div class=\"elementor-divider\">\n\t\t\t<span class=\"elementor-divider-separator\">\n\t\t\t\t\t\t<\/span>\n\t\t<\/div>\n\t\t\t\t\t\t<\/div>\n\t\t\t\t<\/div>\n\t\t\t\t<div class=\"elementor-element elementor-element-a533d56 elementor-widget elementor-widget-text-editor\" data-id=\"a533d56\" data-element_type=\"widget\" data-widget_type=\"text-editor.default\">\n\t\t\t\t<div class=\"elementor-widget-container\">\n\t\t\t\t\t\t\t\t\t<p>DIT Combi wykorzystuje g\u0142\u00f3wnie \u201emetod\u0119 spiekania\u201d przy pokrywaniu pow\u0142ok\u0105 Rilsan; jest to produkcja bardzo przyjazna dla \u015brodowiska, poniewa\u017c proces odbywa si\u0119 bez rozpuszczalnik\u00f3w organicznych i nieorganicznych oraz innych szkodliwych substancji. Produkty DIT Combi po podgrzaniu s\u0105 zanurzane w kadzi z proszkiem Rilsan, kt\u00f3ry jest utrzymywany w stanie zawieszenia za pomoc\u0105 spr\u0119\u017conego powietrza , osi\u0105gaj\u0105c w ten spos\u00f3b znakomit\u0105 grubo\u015b\u0107 oko\u0142o 350 My.<\/p>\n<p>Dla por\u00f3wnania, elektrostatyczna metoda proszkowa \u201eSpray\u201d zwykle osi\u0105ga grubo\u015b\u0107 powierzchni oko\u0142o 100 My i nie wnika idealnie we wszystkie pory\/mikroszczeliny.<\/p>\n<p>Dzi\u0119ki pow\u0142oce Rilsan jako\u015b\u0107 naszych w\u00f3zk\u00f3w do sprz\u0105tania pozostaje niezmiennie wysoka. W DIT Combi nie ma miejsca na kompromis z d\u0142ugoterminow\u0105 trwa\u0142o\u015bci\u0105 i wytrzyma\u0142o\u015bci\u0105 naszych w\u00f3zk\u00f3w i akcesori\u00f3w.<\/p>\n\t\t\t\t\t\t\t\t<\/div>\n\t\t\t\t<\/div>\n\t\t\t\t<div class=\"elementor-element elementor-element-de3b5f7 elementor-widget-divider--view-line elementor-widget elementor-widget-divider\" data-id=\"de3b5f7\" data-element_type=\"widget\" data-widget_type=\"divider.default\">\n\t\t\t\t<div class=\"elementor-widget-container\">\n\t\t\t\t\t\t\t<div class=\"elementor-divider\">\n\t\t\t<span class=\"elementor-divider-separator\">\n\t\t\t\t\t\t<\/span>\n\t\t<\/div>\n\t\t\t\t\t\t<\/div>\n\t\t\t\t<\/div>\n\t\t\t\t\t<\/div>\n\t\t<\/div>\n\t\t\t\t<div class=\"elementor-column elementor-col-33 elementor-top-column elementor-element elementor-element-526eae5\" data-id=\"526eae5\" data-element_type=\"column\">\n\t\t\t<div class=\"elementor-widget-wrap\">\n\t\t\t\t\t\t\t<\/div>\n\t\t<\/div>\n\t\t\t\t\t<\/div>\n\t\t<\/section>\n\t\t\t\t<\/div>\n\t\t","protected":false},"excerpt":{"rendered":"<p>RILSAN Pow\u0142oka Rilsan jest odporna na zabrudzenia i \u0142atwa do czyszczenia. Perfekcyjnie szczelna powierzchnia minimalizuje mo\u017cliwo\u015b\u0107 powstawania bakterii, w znacznie wi\u0119kszym stopniu ni\u017c w przypadku np. stali nierdzewnej. Produkty DIT Combi z pow\u0142ok\u0105 Rilsan s\u0105 odporne na temperatury od \u2013 40 stopni do + 120 stopni i autoklawowanie (ci\u015bnienie gor\u0105cej pary) przez 2-3 minuty, stosowane [&hellip;]<\/p>\n","protected":false},"author":1,"featured_media":0,"parent":0,"menu_order":0,"comment_status":"closed","ping_status":"closed","template":"","meta":{"_acf_changed":false,"site-sidebar-layout":"no-sidebar","site-content-layout":"page-builder","ast-site-content-layout":"full-width-container","site-content-style":"unboxed","site-sidebar-style":"unboxed","ast-global-header-display":"","ast-banner-title-visibility":"","ast-main-header-display":"","ast-hfb-above-header-display":"","ast-hfb-below-header-display":"","ast-hfb-mobile-header-display":"","site-post-title":"disabled","ast-breadcrumbs-content":"","ast-featured-img":"disabled","footer-sml-layout":"","theme-transparent-header-meta":"","adv-header-id-meta":"","stick-header-meta":"","header-above-stick-meta":"","header-main-stick-meta":"","header-below-stick-meta":"","astra-migrate-meta-layouts":"set","ast-page-background-enabled":"default","ast-page-background-meta":{"desktop":{"background-color":"","background-image":"","background-repeat":"repeat","background-position":"center center","background-size":"auto","background-attachment":"scroll","background-type":"","background-media":"","overlay-type":"","overlay-color":"","overlay-opacity":"","overlay-gradient":""},"tablet":{"background-color":"","background-image":"","background-repeat":"repeat","background-position":"center center","background-size":"auto","background-attachment":"scroll","background-type":"","background-media":"","overlay-type":"","overlay-color":"","overlay-opacity":"","overlay-gradient":""},"mobile":{"background-color":"","background-image":"","background-repeat":"repeat","background-position":"center center","background-size":"auto","background-attachment":"scroll","background-type":"","background-media":"","overlay-type":"","overlay-color":"","overlay-opacity":"","overlay-gradient":""}},"ast-content-background-meta":{"desktop":{"background-color":"var(--ast-global-color-5)","background-image":"","background-repeat":"repeat","background-position":"center center","background-size":"auto","background-attachment":"scroll","background-type":"","background-media":"","overlay-type":"","overlay-color":"","overlay-opacity":"","overlay-gradient":""},"tablet":{"background-color":"var(--ast-global-color-5)","background-image":"","background-repeat":"repeat","background-position":"center center","background-size":"auto","background-attachment":"scroll","background-type":"","background-media":"","overlay-type":"","overlay-color":"","overlay-opacity":"","overlay-gradient":""},"mobile":{"background-color":"var(--ast-global-color-5)","background-image":"","background-repeat":"repeat","background-position":"center center","background-size":"auto","background-attachment":"scroll","background-type":"","background-media":"","overlay-type":"","overlay-color":"","overlay-opacity":"","overlay-gradient":""}},"footnotes":""},"class_list":["post-14429","page","type-page","status-publish","hentry"],"acf":[],"yoast_head":"<!-- This site is optimized with the Yoast SEO plugin v26.7 - https:\/\/yoast.com\/wordpress\/plugins\/seo\/ -->\n<title>Rilsan - DitCombi<\/title>\n<meta name=\"robots\" content=\"index, follow, max-snippet:-1, max-image-preview:large, max-video-preview:-1\" \/>\n<link rel=\"canonical\" href=\"https:\/\/ditcombi.com\/pl\/rilsan-2-2\/\" \/>\n<meta property=\"og:locale\" content=\"pl_PL\" \/>\n<meta property=\"og:type\" content=\"article\" \/>\n<meta property=\"og:title\" content=\"Rilsan - DitCombi\" \/>\n<meta property=\"og:description\" content=\"RILSAN Pow\u0142oka Rilsan jest odporna na zabrudzenia i \u0142atwa do czyszczenia. Perfekcyjnie szczelna powierzchnia minimalizuje mo\u017cliwo\u015b\u0107 powstawania bakterii, w znacznie wi\u0119kszym stopniu ni\u017c w przypadku np. stali nierdzewnej. Produkty DIT Combi z pow\u0142ok\u0105 Rilsan s\u0105 odporne na temperatury od \u2013 40 stopni do + 120 stopni i autoklawowanie (ci\u015bnienie gor\u0105cej pary) przez 2-3 minuty, stosowane [&hellip;]\" \/>\n<meta property=\"og:url\" content=\"https:\/\/ditcombi.com\/pl\/rilsan-2-2\/\" \/>\n<meta property=\"og:site_name\" content=\"DitCombi\" \/>\n<meta property=\"article:modified_time\" content=\"2024-04-14T19:01:54+00:00\" \/>\n<meta name=\"twitter:card\" content=\"summary_large_image\" \/>\n<meta name=\"twitter:label1\" content=\"Szacowany czas czytania\" \/>\n\t<meta name=\"twitter:data1\" content=\"1 minuta\" \/>\n<script type=\"application\/ld+json\" class=\"yoast-schema-graph\">{\"@context\":\"https:\/\/schema.org\",\"@graph\":[{\"@type\":\"WebPage\",\"@id\":\"https:\/\/ditcombi.com\/pl\/rilsan-2-2\/\",\"url\":\"https:\/\/ditcombi.com\/pl\/rilsan-2-2\/\",\"name\":\"Rilsan - DitCombi\",\"isPartOf\":{\"@id\":\"https:\/\/ditcombi.com\/#website\"},\"datePublished\":\"2023-04-03T14:21:11+00:00\",\"dateModified\":\"2024-04-14T19:01:54+00:00\",\"breadcrumb\":{\"@id\":\"https:\/\/ditcombi.com\/pl\/rilsan-2-2\/#breadcrumb\"},\"inLanguage\":\"pl-PL\",\"potentialAction\":[{\"@type\":\"ReadAction\",\"target\":[\"https:\/\/ditcombi.com\/pl\/rilsan-2-2\/\"]}]},{\"@type\":\"BreadcrumbList\",\"@id\":\"https:\/\/ditcombi.com\/pl\/rilsan-2-2\/#breadcrumb\",\"itemListElement\":[{\"@type\":\"ListItem\",\"position\":1,\"name\":\"Home\",\"item\":\"https:\/\/ditcombi.com\/fr\/\"},{\"@type\":\"ListItem\",\"position\":2,\"name\":\"Rilsan\"}]},{\"@type\":\"WebSite\",\"@id\":\"https:\/\/ditcombi.com\/#website\",\"url\":\"https:\/\/ditcombi.com\/\",\"name\":\"DitCombi\",\"description\":\"DIT Combi \u2026 60 Years of Danish Quality cleaning trolleys \u2026 Valget er DIT\",\"publisher\":{\"@id\":\"https:\/\/ditcombi.com\/#organization\"},\"potentialAction\":[{\"@type\":\"SearchAction\",\"target\":{\"@type\":\"EntryPoint\",\"urlTemplate\":\"https:\/\/ditcombi.com\/?s={search_term_string}\"},\"query-input\":{\"@type\":\"PropertyValueSpecification\",\"valueRequired\":true,\"valueName\":\"search_term_string\"}}],\"inLanguage\":\"pl-PL\"},{\"@type\":\"Organization\",\"@id\":\"https:\/\/ditcombi.com\/#organization\",\"name\":\"DIT Combi \u2013 Cleaning trolleys, Danish design since 1962\",\"url\":\"https:\/\/ditcombi.com\/\",\"logo\":{\"@type\":\"ImageObject\",\"inLanguage\":\"pl-PL\",\"@id\":\"https:\/\/ditcombi.com\/#\/schema\/logo\/image\/\",\"url\":\"https:\/\/ditcombi.com\/wp-content\/uploads\/2020\/09\/cropped-ditlogocrp-1.png\",\"contentUrl\":\"https:\/\/ditcombi.com\/wp-content\/uploads\/2020\/09\/cropped-ditlogocrp-1.png\",\"width\":150,\"height\":50,\"caption\":\"DIT Combi \u2013 Cleaning trolleys, Danish design since 1962\"},\"image\":{\"@id\":\"https:\/\/ditcombi.com\/#\/schema\/logo\/image\/\"}}]}<\/script>\n<!-- \/ Yoast SEO plugin. -->","yoast_head_json":{"title":"Rilsan - DitCombi","robots":{"index":"index","follow":"follow","max-snippet":"max-snippet:-1","max-image-preview":"max-image-preview:large","max-video-preview":"max-video-preview:-1"},"canonical":"https:\/\/ditcombi.com\/pl\/rilsan-2-2\/","og_locale":"pl_PL","og_type":"article","og_title":"Rilsan - DitCombi","og_description":"RILSAN Pow\u0142oka Rilsan jest odporna na zabrudzenia i \u0142atwa do czyszczenia. Perfekcyjnie szczelna powierzchnia minimalizuje mo\u017cliwo\u015b\u0107 powstawania bakterii, w znacznie wi\u0119kszym stopniu ni\u017c w przypadku np. stali nierdzewnej. Produkty DIT Combi z pow\u0142ok\u0105 Rilsan s\u0105 odporne na temperatury od \u2013 40 stopni do + 120 stopni i autoklawowanie (ci\u015bnienie gor\u0105cej pary) przez 2-3 minuty, stosowane [&hellip;]","og_url":"https:\/\/ditcombi.com\/pl\/rilsan-2-2\/","og_site_name":"DitCombi","article_modified_time":"2024-04-14T19:01:54+00:00","twitter_card":"summary_large_image","twitter_misc":{"Szacowany czas czytania":"1 minuta"},"schema":{"@context":"https:\/\/schema.org","@graph":[{"@type":"WebPage","@id":"https:\/\/ditcombi.com\/pl\/rilsan-2-2\/","url":"https:\/\/ditcombi.com\/pl\/rilsan-2-2\/","name":"Rilsan - DitCombi","isPartOf":{"@id":"https:\/\/ditcombi.com\/#website"},"datePublished":"2023-04-03T14:21:11+00:00","dateModified":"2024-04-14T19:01:54+00:00","breadcrumb":{"@id":"https:\/\/ditcombi.com\/pl\/rilsan-2-2\/#breadcrumb"},"inLanguage":"pl-PL","potentialAction":[{"@type":"ReadAction","target":["https:\/\/ditcombi.com\/pl\/rilsan-2-2\/"]}]},{"@type":"BreadcrumbList","@id":"https:\/\/ditcombi.com\/pl\/rilsan-2-2\/#breadcrumb","itemListElement":[{"@type":"ListItem","position":1,"name":"Home","item":"https:\/\/ditcombi.com\/fr\/"},{"@type":"ListItem","position":2,"name":"Rilsan"}]},{"@type":"WebSite","@id":"https:\/\/ditcombi.com\/#website","url":"https:\/\/ditcombi.com\/","name":"DitCombi","description":"DIT Combi \u2026 60 Years of Danish Quality cleaning trolleys \u2026 Valget er DIT","publisher":{"@id":"https:\/\/ditcombi.com\/#organization"},"potentialAction":[{"@type":"SearchAction","target":{"@type":"EntryPoint","urlTemplate":"https:\/\/ditcombi.com\/?s={search_term_string}"},"query-input":{"@type":"PropertyValueSpecification","valueRequired":true,"valueName":"search_term_string"}}],"inLanguage":"pl-PL"},{"@type":"Organization","@id":"https:\/\/ditcombi.com\/#organization","name":"DIT Combi \u2013 Cleaning trolleys, Danish design since 1962","url":"https:\/\/ditcombi.com\/","logo":{"@type":"ImageObject","inLanguage":"pl-PL","@id":"https:\/\/ditcombi.com\/#\/schema\/logo\/image\/","url":"https:\/\/ditcombi.com\/wp-content\/uploads\/2020\/09\/cropped-ditlogocrp-1.png","contentUrl":"https:\/\/ditcombi.com\/wp-content\/uploads\/2020\/09\/cropped-ditlogocrp-1.png","width":150,"height":50,"caption":"DIT Combi \u2013 Cleaning trolleys, Danish design since 1962"},"image":{"@id":"https:\/\/ditcombi.com\/#\/schema\/logo\/image\/"}}]}},"_links":{"self":[{"href":"https:\/\/ditcombi.com\/pl\/wp-json\/wp\/v2\/pages\/14429","targetHints":{"allow":["GET"]}}],"collection":[{"href":"https:\/\/ditcombi.com\/pl\/wp-json\/wp\/v2\/pages"}],"about":[{"href":"https:\/\/ditcombi.com\/pl\/wp-json\/wp\/v2\/types\/page"}],"author":[{"embeddable":true,"href":"https:\/\/ditcombi.com\/pl\/wp-json\/wp\/v2\/users\/1"}],"replies":[{"embeddable":true,"href":"https:\/\/ditcombi.com\/pl\/wp-json\/wp\/v2\/comments?post=14429"}],"version-history":[{"count":5,"href":"https:\/\/ditcombi.com\/pl\/wp-json\/wp\/v2\/pages\/14429\/revisions"}],"predecessor-version":[{"id":17945,"href":"https:\/\/ditcombi.com\/pl\/wp-json\/wp\/v2\/pages\/14429\/revisions\/17945"}],"wp:attachment":[{"href":"https:\/\/ditcombi.com\/pl\/wp-json\/wp\/v2\/media?parent=14429"}],"curies":[{"name":"wp","href":"https:\/\/api.w.org\/{rel}","templated":true}]}}