{"id":16068,"date":"2022-12-02T14:37:39","date_gmt":"2022-12-02T14:37:39","guid":{"rendered":"https:\/\/ditcombi.com\/salgs-leveringsbetingelser\/"},"modified":"2024-02-15T18:13:13","modified_gmt":"2024-02-15T18:13:13","slug":"regulamin","status":"publish","type":"page","link":"https:\/\/ditcombi.com\/pl\/regulamin\/","title":{"rendered":"Regulamin"},"content":{"rendered":"\t\t<div data-elementor-type=\"wp-page\" data-elementor-id=\"16068\" class=\"elementor elementor-16068 elementor-13020\" data-elementor-settings=\"{&quot;element_pack_global_tooltip_width&quot;:{&quot;unit&quot;:&quot;px&quot;,&quot;size&quot;:&quot;&quot;,&quot;sizes&quot;:[]},&quot;element_pack_global_tooltip_width_tablet&quot;:{&quot;unit&quot;:&quot;px&quot;,&quot;size&quot;:&quot;&quot;,&quot;sizes&quot;:[]},&quot;element_pack_global_tooltip_width_mobile&quot;:{&quot;unit&quot;:&quot;px&quot;,&quot;size&quot;:&quot;&quot;,&quot;sizes&quot;:[]},&quot;element_pack_global_tooltip_padding&quot;:{&quot;unit&quot;:&quot;px&quot;,&quot;top&quot;:&quot;&quot;,&quot;right&quot;:&quot;&quot;,&quot;bottom&quot;:&quot;&quot;,&quot;left&quot;:&quot;&quot;,&quot;isLinked&quot;:true},&quot;element_pack_global_tooltip_padding_tablet&quot;:{&quot;unit&quot;:&quot;px&quot;,&quot;top&quot;:&quot;&quot;,&quot;right&quot;:&quot;&quot;,&quot;bottom&quot;:&quot;&quot;,&quot;left&quot;:&quot;&quot;,&quot;isLinked&quot;:true},&quot;element_pack_global_tooltip_padding_mobile&quot;:{&quot;unit&quot;:&quot;px&quot;,&quot;top&quot;:&quot;&quot;,&quot;right&quot;:&quot;&quot;,&quot;bottom&quot;:&quot;&quot;,&quot;left&quot;:&quot;&quot;,&quot;isLinked&quot;:true},&quot;element_pack_global_tooltip_border_radius&quot;:{&quot;unit&quot;:&quot;px&quot;,&quot;top&quot;:&quot;&quot;,&quot;right&quot;:&quot;&quot;,&quot;bottom&quot;:&quot;&quot;,&quot;left&quot;:&quot;&quot;,&quot;isLinked&quot;:true},&quot;element_pack_global_tooltip_border_radius_tablet&quot;:{&quot;unit&quot;:&quot;px&quot;,&quot;top&quot;:&quot;&quot;,&quot;right&quot;:&quot;&quot;,&quot;bottom&quot;:&quot;&quot;,&quot;left&quot;:&quot;&quot;,&quot;isLinked&quot;:true},&quot;element_pack_global_tooltip_border_radius_mobile&quot;:{&quot;unit&quot;:&quot;px&quot;,&quot;top&quot;:&quot;&quot;,&quot;right&quot;:&quot;&quot;,&quot;bottom&quot;:&quot;&quot;,&quot;left&quot;:&quot;&quot;,&quot;isLinked&quot;:true}}\" data-elementor-post-type=\"page\">\n\t\t\t\t\t\t<section class=\"elementor-section elementor-top-section elementor-element elementor-element-71da7a5 elementor-section-boxed elementor-section-height-default elementor-section-height-default\" data-id=\"71da7a5\" data-element_type=\"section\" data-settings=\"{&quot;jet_parallax_layout_list&quot;:[{&quot;jet_parallax_layout_image&quot;:{&quot;url&quot;:&quot;&quot;,&quot;id&quot;:&quot;&quot;,&quot;size&quot;:&quot;&quot;},&quot;_id&quot;:&quot;a77957c&quot;,&quot;jet_parallax_layout_image_tablet&quot;:{&quot;url&quot;:&quot;&quot;,&quot;id&quot;:&quot;&quot;,&quot;size&quot;:&quot;&quot;},&quot;jet_parallax_layout_image_mobile&quot;:{&quot;url&quot;:&quot;&quot;,&quot;id&quot;:&quot;&quot;,&quot;size&quot;:&quot;&quot;},&quot;jet_parallax_layout_speed&quot;:{&quot;unit&quot;:&quot;%&quot;,&quot;size&quot;:50,&quot;sizes&quot;:[]},&quot;jet_parallax_layout_type&quot;:&quot;scroll&quot;,&quot;jet_parallax_layout_direction&quot;:&quot;1&quot;,&quot;jet_parallax_layout_fx_direction&quot;:null,&quot;jet_parallax_layout_z_index&quot;:&quot;&quot;,&quot;jet_parallax_layout_bg_x&quot;:50,&quot;jet_parallax_layout_bg_x_tablet&quot;:&quot;&quot;,&quot;jet_parallax_layout_bg_x_mobile&quot;:&quot;&quot;,&quot;jet_parallax_layout_bg_y&quot;:50,&quot;jet_parallax_layout_bg_y_tablet&quot;:&quot;&quot;,&quot;jet_parallax_layout_bg_y_mobile&quot;:&quot;&quot;,&quot;jet_parallax_layout_bg_size&quot;:&quot;auto&quot;,&quot;jet_parallax_layout_bg_size_tablet&quot;:&quot;&quot;,&quot;jet_parallax_layout_bg_size_mobile&quot;:&quot;&quot;,&quot;jet_parallax_layout_animation_prop&quot;:&quot;transform&quot;,&quot;jet_parallax_layout_on&quot;:[&quot;desktop&quot;,&quot;tablet&quot;]}],&quot;background_background&quot;:&quot;classic&quot;}\">\n\t\t\t\t\t\t<div class=\"elementor-container elementor-column-gap-default\">\n\t\t\t\t\t<div class=\"elementor-column elementor-col-100 elementor-top-column elementor-element elementor-element-33d7b4a\" data-id=\"33d7b4a\" data-element_type=\"column\" data-settings=\"{&quot;background_background&quot;:&quot;classic&quot;}\">\n\t\t\t<div class=\"elementor-widget-wrap elementor-element-populated\">\n\t\t\t\t\t\t<div class=\"elementor-element elementor-element-fee787b elementor-widget elementor-widget-heading\" data-id=\"fee787b\" data-element_type=\"widget\" data-widget_type=\"heading.default\">\n\t\t\t\t<div class=\"elementor-widget-container\">\n\t\t\t\t\t<p class=\"elementor-heading-title elementor-size-default\">REGULAMIN<\/p>\t\t\t\t<\/div>\n\t\t\t\t<\/div>\n\t\t\t\t<div class=\"elementor-element elementor-element-274517d elementor-widget-divider--view-line elementor-widget elementor-widget-divider\" data-id=\"274517d\" data-element_type=\"widget\" data-widget_type=\"divider.default\">\n\t\t\t\t<div class=\"elementor-widget-container\">\n\t\t\t\t\t\t\t<div class=\"elementor-divider\">\n\t\t\t<span class=\"elementor-divider-separator\">\n\t\t\t\t\t\t<\/span>\n\t\t<\/div>\n\t\t\t\t\t\t<\/div>\n\t\t\t\t<\/div>\n\t\t\t\t<div class=\"elementor-element elementor-element-ea5ef20 elementor-widget elementor-widget-text-editor\" data-id=\"ea5ef20\" data-element_type=\"widget\" data-widget_type=\"text-editor.default\">\n\t\t\t\t<div class=\"elementor-widget-container\">\n\t\t\t\t\t\t\t\t\t<p><strong>I. INFORMACJE O FIRMIE:<\/strong><\/p><p>DIT Combi Sp. z o. o.<br \/>ul. Zbigniewa Romaszewskiego 20<br \/>62-080 Tarnowo-Podg\u00f3rne<br \/>Polska<\/p><p>(Wielkopolska)<br \/>(Unia Europejska)<\/p><p>NIP: 7811933947 (numer VAT PL)<br \/>REGION: 365598931<br \/>KRS: 0000641292<\/p><p><strong>II. OG\u00d3LNE WARUNKI<\/strong><\/p><p><strong style=\"font-size: 15px; color: var( --e-global-color-secondary );\">1.<\/strong><span style=\"font-size: 15px; color: var( --e-global-color-secondary );\"> Pami\u0119taj o podaniu numeru firmy NIP podczas tworzenia profilu w naszym sklepie, aby ceny brutto naliczane by\u0142y prawid\u0142owo.<\/span><\/p><p><strong>2.<\/strong> Wszystkie ceny w naszym sklepie internetowym s\u0105 cenami ex. Works, sugerowane ceny detaliczne dla u\u017cytkownik\u00f3w ko\u0144cowych w PLN, bez VAT. VAT (podatek orientacyjny, zawieraj\u0105cy 23% VAT, jest r\u00f3wnie\u017c pokazany na stronie, aby pom\u00f3c u\u017cytkownikom ko\u0144cowym w UE).<\/p><p><strong>III. WARUNKI DOSTAWY<\/strong><\/p><p><strong>1.<\/strong> \u2060Zam\u00f3wione produkty przekazujemy do wysy\u0142ki zwykle w ci\u0105gu 2 dni roboczych od daty otrzymania p\u0142atno\u015bci. Wliczaj\u0105c czas dostawy przez firm\u0119 kuriersk\u0105, Klienci w Unii Europejskiej powinni otrzyma\u0107 op\u0142acone produkty w ci\u0105gu 6 dni roboczych.<\/p><p><strong>2.<\/strong> W przypadku zakup\u00f3w powy\u017cej 1600 PLN. z wy\u0142\u0105czeniem VAT, towar na terenie Polski dostarczany jest bezp\u0142atnie.<\/p><p><strong>3.<\/strong> W przypadku zakup\u00f3w poni\u017cej 1600 PLN. z wy\u0142\u0105czeniem podatku VAT, koszty wysy\u0142ki naliczane s\u0105 w wysoko\u015bci 8% warto\u015bci zakupu netto, kt\u00f3ra jest doliczana przed dokonaniem p\u0142atno\u015bci.<\/p><p><strong>4.<\/strong> Przy zakupach poni\u017cej 150,00 PLN. z wy\u0142\u0105czeniem VAT, naliczana jest op\u0142ata manipulacyjna w wysoko\u015bci 25 PLN. z wy\u0142\u0105czeniem VAT plus 8% koszt\u00f3w wysy\u0142ki od ca\u0142kowitej kwoty zakupu netto dodanej przed dokonaniem p\u0142atno\u015bci.<\/p><p><strong>5.<\/strong> Dok\u0142adny koszt wysy\u0142ki jest automatycznie obliczany i wy\u015bwietlany przed dokonaniem p\u0142atno\u015bci w naszym sklepie internetowym.<\/p><p><strong>IV. P\u0141ATNO\u015aCI<\/strong><\/p><p><strong>1.<\/strong> P\u0142atno\u015b\u0107 w sklepie internetowym odbywa si\u0119 kart\u0105 p\u0142atnicz\u0105\/kredytow\u0105 (za po\u015brednictwem dostawcy us\u0142ugi PayU) lub przedp\u0142at\u0105 przelewem bankowym, na podstawie faktury Proforma dla wszystkich u\u017cytkownik\u00f3w ko\u0144cowych i sprzedawc\u00f3w detalicznych, chyba \u017ce uzgodniono inaczej i zatwierdzono wcze\u015bniej w naszym sklepie internetowym.<\/p><p><strong>2.<\/strong> Nasi dealerzy mog\u0105 uzyska\u0107 jedne z nast\u0119puj\u0105cych warunk\u00f3w p\u0142atno\u015bci:<br \/>\u2022 Bie\u017c\u0105cy miesi\u0105c + 20 dni.<br \/>\u2022 30 dni netto.<br \/>\u2022 7 dni netto<br \/>\u2022 P\u0142atno\u015b\u0107 z g\u00f3ry (faktura proforma) przelewem bankowym. (Zwykle pierwsze 3 zakupy nowego kontrahenta).<\/p><p>B\u0119dzie to wyra\u017anie widoczne w profilu dealera po zalogowaniu, wraz z ustalon\u0105 wcze\u015bniej przez dealera stop\u0105 rabatu.<\/p><p>Faktury wystawiane s\u0105 w dniu wysy\u0142ki do dealer\u00f3w.<\/p><p><strong>3.<\/strong> Dane bankowe:<\/p><p><strong>PLN:<\/strong><br \/>IBAN: PL04 1240 6540 1792 0010 7062 5364 5188<br \/>BIC\/SWIFT: PKOPPLPW<br \/>Bank Pekao SA<br \/><strong>EUR:<\/strong><br \/>IBAN: PL27 1240 6540 1978 0010 7062 5641<br \/>BIC\/SWIFT: PKOPPLPW<br \/>Bank Pekao SA<\/p><p><strong>4.<\/strong> W przypadku op\u00f3\u017anienia w zap\u0142acie faktury naliczane s\u0105 odsetki za zw\u0142ok\u0119 w wysoko\u015bci 2%, za rozpocz\u0119ty miesi\u0105c, na osobnej fakturze.<\/p><p>Produkty stanowi\u0105 w\u0142asno\u015b\u0107 DIT Combi Sp. z o. o. dop\u00f3ki nie zostan\u0105 zap\u0142acone.<\/p><p><strong>5.<\/strong> Wszelkie podatki i koszty logistyczne zostan\u0105 podane osobno na fakturze.<\/p><p><strong>V. ZWROTY I REKLAMACJE<\/strong><\/p><p><strong>1.<\/strong> Zwrot towaru i ewentualne reklamacje nale\u017cy zg\u0142osi\u0107 po otrzymaniu towaru. Dotyczy to r\u00f3wnie\u017c wszelkich szk\u00f3d transportowych. Nale\u017cy to odnotowa\u0107 w dokumentach przewozowych po otrzymaniu.<\/p><p><strong>2.<\/strong>\u2060 \u2060Reklamacje mo\u017cna sk\u0142ada\u0107 pisemnie na adres poczty elektronicznej office@ditcombi.com lub listownie na adres ul. Zbigniewa Romaszewskiego 20, 62-080 Tarnowo Podg\u00f3rne.<\/p><p><strong>3.<\/strong>\u2060 \u2060W tre\u015bci reklamacji nale\u017cy wskaza\u0107 na rodzaj niezgodno\u015bci towaru z umow\u0105 sprzeda\u017cy.<\/p><p><strong>4.<\/strong>\u2060 \u2060Reklamacje rozpatrywane s\u0105 niezw\u0142ocznie, nie p\u00f3\u017aniej jednak ni\u017c w terminie siedmiu dni od daty ich wp\u0142ywu.<\/p><p><strong>5.<\/strong> Towar mo\u017cna zwr\u00f3ci\u0107 po uprzednim poinformowaniu naszego dzia\u0142u obs\u0142ugi klienta, w przypadku b\u0142\u0119dnie zam\u00f3wionego towaru i\/lub reklamacji w ci\u0105gu 14 dni od otrzymania. Nie ma konieczno\u015bci podawania powodu zwrotu.<\/p><p><strong>6.<\/strong> Z regu\u0142y przyjmujemy wszystkie zwracane towary zakupione za po\u015brednictwem naszego sklepu internetowego w ci\u0105gu 14 dni, je\u015bli s\u0105 nieuszkodzone i zwr\u00f3cone w oryginalnym opakowaniu. P\u0142atno\u015b\u0107 jest zwykle zwracana w ci\u0105gu 7 dni bankowych od otrzymania zwr\u00f3conego produktu.<\/p><p><strong>7.<\/strong> DIT Combi Sp. z oo odnotowuje \u015brednio nieca\u0142e 0,01% reklamacji na sprzedane towary firmy DIT Combi.<\/p><p><strong>VI. KONTAKT<\/strong><\/p><p><strong>1.<\/strong> Zam\u00f3wienia i zapytania mo\u017cna przesy\u0142a\u0107 na adres: Kundeservice@DITcombi.com<\/p><p><strong>2.<\/strong> \u017badne inne wiadomo\u015bci e-mail nie mog\u0105 by\u0107 uznawane ani traktowane jako potwierdzenie zam\u00f3wienia.<\/p><p><strong>3.<\/strong> W razie pyta\u0144 mo\u017cesz tak\u017ce zadzwoni\u0107 do naszych konsultant\u00f3w serwisowych:<br \/>+45 23 46 33 64 (Xenia)<\/p><p><strong>4.<\/strong> Jeste\u015bmy gotowi Ci pom\u00f3c. W przypadku pyta\u0144, \u017cycze\u0144 i zam\u00f3wie\u0144 prosimy o kontakt od poniedzia\u0142ku do pi\u0105tku w godzinach 08:30 \u2013 14:30.<\/p>\t\t\t\t\t\t\t\t<\/div>\n\t\t\t\t<\/div>\n\t\t\t\t\t<\/div>\n\t\t<\/div>\n\t\t\t\t\t<\/div>\n\t\t<\/section>\n\t\t\t\t<\/div>\n\t\t","protected":false},"excerpt":{"rendered":"<p>REGULAMIN I. INFORMACJE O FIRMIE: DIT Combi Sp. z o. o.ul. Zbigniewa Romaszewskiego 2062-080 Tarnowo-Podg\u00f3rnePolska (Wielkopolska)(Unia Europejska) NIP: 7811933947 (numer VAT PL)REGION: 365598931KRS: 0000641292 II. OG\u00d3LNE WARUNKI 1. Pami\u0119taj o podaniu numeru firmy NIP podczas tworzenia profilu w naszym sklepie, aby ceny brutto naliczane by\u0142y prawid\u0142owo. 2. Wszystkie ceny w naszym sklepie internetowym s\u0105 cenami [&hellip;]<\/p>\n","protected":false},"author":1,"featured_media":0,"parent":0,"menu_order":0,"comment_status":"closed","ping_status":"closed","template":"","meta":{"_acf_changed":false,"site-sidebar-layout":"no-sidebar","site-content-layout":"page-builder","ast-site-content-layout":"","site-content-style":"default","site-sidebar-style":"default","ast-global-header-display":"","ast-banner-title-visibility":"","ast-main-header-display":"","ast-hfb-above-header-display":"","ast-hfb-below-header-display":"","ast-hfb-mobile-header-display":"","site-post-title":"disabled","ast-breadcrumbs-content":"","ast-featured-img":"disabled","footer-sml-layout":"","theme-transparent-header-meta":"","adv-header-id-meta":"","stick-header-meta":"","header-above-stick-meta":"","header-main-stick-meta":"","header-below-stick-meta":"","astra-migrate-meta-layouts":"default","ast-page-background-enabled":"default","ast-page-background-meta":{"desktop":{"background-color":"","background-image":"","background-repeat":"repeat","background-position":"center center","background-size":"auto","background-attachment":"scroll","background-type":"","background-media":"","overlay-type":"","overlay-color":"","overlay-opacity":"","overlay-gradient":""},"tablet":{"background-color":"","background-image":"","background-repeat":"repeat","background-position":"center center","background-size":"auto","background-attachment":"scroll","background-type":"","background-media":"","overlay-type":"","overlay-color":"","overlay-opacity":"","overlay-gradient":""},"mobile":{"background-color":"","background-image":"","background-repeat":"repeat","background-position":"center center","background-size":"auto","background-attachment":"scroll","background-type":"","background-media":"","overlay-type":"","overlay-color":"","overlay-opacity":"","overlay-gradient":""}},"ast-content-background-meta":{"desktop":{"background-color":"var(--ast-global-color-5)","background-image":"","background-repeat":"repeat","background-position":"center center","background-size":"auto","background-attachment":"scroll","background-type":"","background-media":"","overlay-type":"","overlay-color":"","overlay-opacity":"","overlay-gradient":""},"tablet":{"background-color":"var(--ast-global-color-5)","background-image":"","background-repeat":"repeat","background-position":"center center","background-size":"auto","background-attachment":"scroll","background-type":"","background-media":"","overlay-type":"","overlay-color":"","overlay-opacity":"","overlay-gradient":""},"mobile":{"background-color":"var(--ast-global-color-5)","background-image":"","background-repeat":"repeat","background-position":"center center","background-size":"auto","background-attachment":"scroll","background-type":"","background-media":"","overlay-type":"","overlay-color":"","overlay-opacity":"","overlay-gradient":""}},"footnotes":""},"class_list":["post-16068","page","type-page","status-publish","hentry"],"acf":[],"yoast_head":"<!-- This site is optimized with the Yoast SEO plugin v26.7 - https:\/\/yoast.com\/wordpress\/plugins\/seo\/ -->\n<title>Regulamin - DitCombi<\/title>\n<meta name=\"robots\" content=\"index, follow, max-snippet:-1, max-image-preview:large, max-video-preview:-1\" \/>\n<link rel=\"canonical\" href=\"https:\/\/ditcombi.com\/salgs-leveringsbetingelser\/\" \/>\n<meta property=\"og:locale\" content=\"pl_PL\" \/>\n<meta property=\"og:type\" content=\"article\" \/>\n<meta property=\"og:title\" content=\"Regulamin - DitCombi\" \/>\n<meta property=\"og:description\" content=\"REGULAMIN I. INFORMACJE O FIRMIE: DIT Combi Sp. z o. o.ul. Zbigniewa Romaszewskiego 2062-080 Tarnowo-Podg\u00f3rnePolska (Wielkopolska)(Unia Europejska) NIP: 7811933947 (numer VAT PL)REGION: 365598931KRS: 0000641292 II. OG\u00d3LNE WARUNKI 1. Pami\u0119taj o podaniu numeru firmy NIP podczas tworzenia profilu w naszym sklepie, aby ceny brutto naliczane by\u0142y prawid\u0142owo. 2. Wszystkie ceny w naszym sklepie internetowym s\u0105 cenami [&hellip;]\" \/>\n<meta property=\"og:url\" content=\"https:\/\/ditcombi.com\/salgs-leveringsbetingelser\/\" \/>\n<meta property=\"og:site_name\" content=\"DitCombi\" \/>\n<meta property=\"article:modified_time\" content=\"2024-02-15T18:13:13+00:00\" \/>\n<meta name=\"twitter:card\" content=\"summary_large_image\" \/>\n<meta name=\"twitter:label1\" content=\"Szacowany czas czytania\" \/>\n\t<meta name=\"twitter:data1\" content=\"4 minuty\" \/>\n<script type=\"application\/ld+json\" class=\"yoast-schema-graph\">{\"@context\":\"https:\/\/schema.org\",\"@graph\":[{\"@type\":\"WebPage\",\"@id\":\"https:\/\/ditcombi.com\/salgs-leveringsbetingelser\/\",\"url\":\"https:\/\/ditcombi.com\/salgs-leveringsbetingelser\/\",\"name\":\"Regulamin - DitCombi\",\"isPartOf\":{\"@id\":\"https:\/\/ditcombi.com\/#website\"},\"datePublished\":\"2022-12-02T14:37:39+00:00\",\"dateModified\":\"2024-02-15T18:13:13+00:00\",\"breadcrumb\":{\"@id\":\"https:\/\/ditcombi.com\/salgs-leveringsbetingelser\/#breadcrumb\"},\"inLanguage\":\"pl-PL\",\"potentialAction\":[{\"@type\":\"ReadAction\",\"target\":[\"https:\/\/ditcombi.com\/salgs-leveringsbetingelser\/\"]}]},{\"@type\":\"BreadcrumbList\",\"@id\":\"https:\/\/ditcombi.com\/salgs-leveringsbetingelser\/#breadcrumb\",\"itemListElement\":[{\"@type\":\"ListItem\",\"position\":1,\"name\":\"Home\",\"item\":\"https:\/\/ditcombi.com\/fr\/\"},{\"@type\":\"ListItem\",\"position\":2,\"name\":\"Regulamin\"}]},{\"@type\":\"WebSite\",\"@id\":\"https:\/\/ditcombi.com\/#website\",\"url\":\"https:\/\/ditcombi.com\/\",\"name\":\"DitCombi\",\"description\":\"DIT Combi \u2026 60 Years of Danish Quality cleaning trolleys \u2026 Valget er DIT\",\"publisher\":{\"@id\":\"https:\/\/ditcombi.com\/#organization\"},\"potentialAction\":[{\"@type\":\"SearchAction\",\"target\":{\"@type\":\"EntryPoint\",\"urlTemplate\":\"https:\/\/ditcombi.com\/?s={search_term_string}\"},\"query-input\":{\"@type\":\"PropertyValueSpecification\",\"valueRequired\":true,\"valueName\":\"search_term_string\"}}],\"inLanguage\":\"pl-PL\"},{\"@type\":\"Organization\",\"@id\":\"https:\/\/ditcombi.com\/#organization\",\"name\":\"DIT Combi \u2013 Cleaning trolleys, Danish design since 1962\",\"url\":\"https:\/\/ditcombi.com\/\",\"logo\":{\"@type\":\"ImageObject\",\"inLanguage\":\"pl-PL\",\"@id\":\"https:\/\/ditcombi.com\/#\/schema\/logo\/image\/\",\"url\":\"https:\/\/ditcombi.com\/wp-content\/uploads\/2020\/09\/cropped-ditlogocrp-1.png\",\"contentUrl\":\"https:\/\/ditcombi.com\/wp-content\/uploads\/2020\/09\/cropped-ditlogocrp-1.png\",\"width\":150,\"height\":50,\"caption\":\"DIT Combi \u2013 Cleaning trolleys, Danish design since 1962\"},\"image\":{\"@id\":\"https:\/\/ditcombi.com\/#\/schema\/logo\/image\/\"}}]}<\/script>\n<!-- \/ Yoast SEO plugin. -->","yoast_head_json":{"title":"Regulamin - DitCombi","robots":{"index":"index","follow":"follow","max-snippet":"max-snippet:-1","max-image-preview":"max-image-preview:large","max-video-preview":"max-video-preview:-1"},"canonical":"https:\/\/ditcombi.com\/salgs-leveringsbetingelser\/","og_locale":"pl_PL","og_type":"article","og_title":"Regulamin - DitCombi","og_description":"REGULAMIN I. INFORMACJE O FIRMIE: DIT Combi Sp. z o. o.ul. Zbigniewa Romaszewskiego 2062-080 Tarnowo-Podg\u00f3rnePolska (Wielkopolska)(Unia Europejska) NIP: 7811933947 (numer VAT PL)REGION: 365598931KRS: 0000641292 II. OG\u00d3LNE WARUNKI 1. Pami\u0119taj o podaniu numeru firmy NIP podczas tworzenia profilu w naszym sklepie, aby ceny brutto naliczane by\u0142y prawid\u0142owo. 2. Wszystkie ceny w naszym sklepie internetowym s\u0105 cenami [&hellip;]","og_url":"https:\/\/ditcombi.com\/salgs-leveringsbetingelser\/","og_site_name":"DitCombi","article_modified_time":"2024-02-15T18:13:13+00:00","twitter_card":"summary_large_image","twitter_misc":{"Szacowany czas czytania":"4 minuty"},"schema":{"@context":"https:\/\/schema.org","@graph":[{"@type":"WebPage","@id":"https:\/\/ditcombi.com\/salgs-leveringsbetingelser\/","url":"https:\/\/ditcombi.com\/salgs-leveringsbetingelser\/","name":"Regulamin - DitCombi","isPartOf":{"@id":"https:\/\/ditcombi.com\/#website"},"datePublished":"2022-12-02T14:37:39+00:00","dateModified":"2024-02-15T18:13:13+00:00","breadcrumb":{"@id":"https:\/\/ditcombi.com\/salgs-leveringsbetingelser\/#breadcrumb"},"inLanguage":"pl-PL","potentialAction":[{"@type":"ReadAction","target":["https:\/\/ditcombi.com\/salgs-leveringsbetingelser\/"]}]},{"@type":"BreadcrumbList","@id":"https:\/\/ditcombi.com\/salgs-leveringsbetingelser\/#breadcrumb","itemListElement":[{"@type":"ListItem","position":1,"name":"Home","item":"https:\/\/ditcombi.com\/fr\/"},{"@type":"ListItem","position":2,"name":"Regulamin"}]},{"@type":"WebSite","@id":"https:\/\/ditcombi.com\/#website","url":"https:\/\/ditcombi.com\/","name":"DitCombi","description":"DIT Combi \u2026 60 Years of Danish Quality cleaning trolleys \u2026 Valget er DIT","publisher":{"@id":"https:\/\/ditcombi.com\/#organization"},"potentialAction":[{"@type":"SearchAction","target":{"@type":"EntryPoint","urlTemplate":"https:\/\/ditcombi.com\/?s={search_term_string}"},"query-input":{"@type":"PropertyValueSpecification","valueRequired":true,"valueName":"search_term_string"}}],"inLanguage":"pl-PL"},{"@type":"Organization","@id":"https:\/\/ditcombi.com\/#organization","name":"DIT Combi \u2013 Cleaning trolleys, Danish design since 1962","url":"https:\/\/ditcombi.com\/","logo":{"@type":"ImageObject","inLanguage":"pl-PL","@id":"https:\/\/ditcombi.com\/#\/schema\/logo\/image\/","url":"https:\/\/ditcombi.com\/wp-content\/uploads\/2020\/09\/cropped-ditlogocrp-1.png","contentUrl":"https:\/\/ditcombi.com\/wp-content\/uploads\/2020\/09\/cropped-ditlogocrp-1.png","width":150,"height":50,"caption":"DIT Combi \u2013 Cleaning trolleys, Danish design since 1962"},"image":{"@id":"https:\/\/ditcombi.com\/#\/schema\/logo\/image\/"}}]}},"_links":{"self":[{"href":"https:\/\/ditcombi.com\/pl\/wp-json\/wp\/v2\/pages\/16068","targetHints":{"allow":["GET"]}}],"collection":[{"href":"https:\/\/ditcombi.com\/pl\/wp-json\/wp\/v2\/pages"}],"about":[{"href":"https:\/\/ditcombi.com\/pl\/wp-json\/wp\/v2\/types\/page"}],"author":[{"embeddable":true,"href":"https:\/\/ditcombi.com\/pl\/wp-json\/wp\/v2\/users\/1"}],"replies":[{"embeddable":true,"href":"https:\/\/ditcombi.com\/pl\/wp-json\/wp\/v2\/comments?post=16068"}],"version-history":[{"count":33,"href":"https:\/\/ditcombi.com\/pl\/wp-json\/wp\/v2\/pages\/16068\/revisions"}],"predecessor-version":[{"id":16850,"href":"https:\/\/ditcombi.com\/pl\/wp-json\/wp\/v2\/pages\/16068\/revisions\/16850"}],"wp:attachment":[{"href":"https:\/\/ditcombi.com\/pl\/wp-json\/wp\/v2\/media?parent=16068"}],"curies":[{"name":"wp","href":"https:\/\/api.w.org\/{rel}","templated":true}]}}