{"id":3126,"date":"2020-12-01T12:36:46","date_gmt":"2020-12-01T12:36:46","guid":{"rendered":"http:\/\/ditcomb.ditcombi.com\/moje-konto\/"},"modified":"2024-01-16T15:03:37","modified_gmt":"2024-01-16T15:03:37","slug":"moje-konto","status":"publish","type":"page","link":"https:\/\/ditcombi.com\/pl\/moje-konto\/","title":{"rendered":"Moje konto"},"content":{"rendered":"\t\t<div data-elementor-type=\"wp-page\" data-elementor-id=\"3126\" class=\"elementor elementor-3126 elementor-12\" data-elementor-settings=\"{&quot;element_pack_global_tooltip_width&quot;:{&quot;unit&quot;:&quot;px&quot;,&quot;size&quot;:&quot;&quot;,&quot;sizes&quot;:[]},&quot;element_pack_global_tooltip_width_tablet&quot;:{&quot;unit&quot;:&quot;px&quot;,&quot;size&quot;:&quot;&quot;,&quot;sizes&quot;:[]},&quot;element_pack_global_tooltip_width_mobile&quot;:{&quot;unit&quot;:&quot;px&quot;,&quot;size&quot;:&quot;&quot;,&quot;sizes&quot;:[]},&quot;element_pack_global_tooltip_padding&quot;:{&quot;unit&quot;:&quot;px&quot;,&quot;top&quot;:&quot;&quot;,&quot;right&quot;:&quot;&quot;,&quot;bottom&quot;:&quot;&quot;,&quot;left&quot;:&quot;&quot;,&quot;isLinked&quot;:true},&quot;element_pack_global_tooltip_padding_tablet&quot;:{&quot;unit&quot;:&quot;px&quot;,&quot;top&quot;:&quot;&quot;,&quot;right&quot;:&quot;&quot;,&quot;bottom&quot;:&quot;&quot;,&quot;left&quot;:&quot;&quot;,&quot;isLinked&quot;:true},&quot;element_pack_global_tooltip_padding_mobile&quot;:{&quot;unit&quot;:&quot;px&quot;,&quot;top&quot;:&quot;&quot;,&quot;right&quot;:&quot;&quot;,&quot;bottom&quot;:&quot;&quot;,&quot;left&quot;:&quot;&quot;,&quot;isLinked&quot;:true},&quot;element_pack_global_tooltip_border_radius&quot;:{&quot;unit&quot;:&quot;px&quot;,&quot;top&quot;:&quot;&quot;,&quot;right&quot;:&quot;&quot;,&quot;bottom&quot;:&quot;&quot;,&quot;left&quot;:&quot;&quot;,&quot;isLinked&quot;:true},&quot;element_pack_global_tooltip_border_radius_tablet&quot;:{&quot;unit&quot;:&quot;px&quot;,&quot;top&quot;:&quot;&quot;,&quot;right&quot;:&quot;&quot;,&quot;bottom&quot;:&quot;&quot;,&quot;left&quot;:&quot;&quot;,&quot;isLinked&quot;:true},&quot;element_pack_global_tooltip_border_radius_mobile&quot;:{&quot;unit&quot;:&quot;px&quot;,&quot;top&quot;:&quot;&quot;,&quot;right&quot;:&quot;&quot;,&quot;bottom&quot;:&quot;&quot;,&quot;left&quot;:&quot;&quot;,&quot;isLinked&quot;:true}}\" data-elementor-post-type=\"page\">\n\t\t\t\t\t\t<section class=\"elementor-section elementor-top-section elementor-element elementor-element-6c4902b4 elementor-section-boxed elementor-section-height-default elementor-section-height-default\" data-id=\"6c4902b4\" data-element_type=\"section\" data-settings=\"{&quot;jet_parallax_layout_list&quot;:[]}\">\n\t\t\t\t\t\t<div class=\"elementor-container elementor-column-gap-default\">\n\t\t\t\t\t<div class=\"elementor-column elementor-col-100 elementor-top-column elementor-element elementor-element-78076a12\" data-id=\"78076a12\" data-element_type=\"column\">\n\t\t\t<div class=\"elementor-widget-wrap elementor-element-populated\">\n\t\t\t\t\t\t<div class=\"elementor-element elementor-element-6ce00fc5 elementor-widget elementor-widget-text-editor\" data-id=\"6ce00fc5\" data-element_type=\"widget\" data-widget_type=\"text-editor.default\">\n\t\t\t\t<div class=\"elementor-widget-container\">\n\t\t\t\t\t\t\t\t\t\n<div class=\"woocommerce\"><div class=\"woocommerce-notices-wrapper\"><\/div>\n\n<div class=\"u-columns col2-set\" id=\"customer_login\">\n\n\t<div class=\"u-column1 col-1\">\n\n\n\t\t<h2>Logowanie<\/h2>\n\n\t\t<form class=\"woocommerce-form woocommerce-form-login login\" method=\"post\">\n\n\t\t\t\n\t\t\t<p class=\"woocommerce-form-row woocommerce-form-row--wide form-row form-row-wide\">\n\t\t\t\t<label for=\"username\">Nazwa u\u017cytkownika lub adres e-mail&nbsp;<span class=\"required\">*<\/span><\/label>\n\t\t\t\t<input type=\"text\" class=\"woocommerce-Input woocommerce-Input--text input-text\" name=\"username\" id=\"username\" autocomplete=\"username\" value=\"\" \/>\t\t\t<\/p>\n\t\t\t<p class=\"woocommerce-form-row woocommerce-form-row--wide form-row form-row-wide\">\n\t\t\t\t<label for=\"password\">Has\u0142o&nbsp;<span class=\"required\">*<\/span><\/label>\n\t\t\t\t<input class=\"woocommerce-Input woocommerce-Input--text input-text\" type=\"password\" name=\"password\" id=\"password\" autocomplete=\"current-password\" \/>\n\t\t\t<\/p>\n\n\t\t\t\n\t\t\t<p class=\"form-row\">\n\t\t\t\t<label class=\"woocommerce-form__label woocommerce-form__label-for-checkbox woocommerce-form-login__rememberme\">\n\t\t\t\t\t<input class=\"woocommerce-form__input woocommerce-form__input-checkbox\" name=\"rememberme\" type=\"checkbox\" id=\"rememberme\" value=\"forever\" \/> <span>Zapami\u0119taj mnie<\/span>\n\t\t\t\t<\/label>\n\t\t\t\t<input type=\"hidden\" id=\"woocommerce-login-nonce\" name=\"woocommerce-login-nonce\" value=\"578a1badb4\" \/><input type=\"hidden\" name=\"_wp_http_referer\" value=\"\/pl\/wp-json\/wp\/v2\/pages\/3126\" \/>\t\t\t\t<button type=\"submit\" class=\"woocommerce-button button woocommerce-form-login__submit\" name=\"login\" value=\"Zaloguj si\u0119\">Zaloguj si\u0119<\/button>\n\t\t\t<\/p>\n\t\t\t<p class=\"woocommerce-LostPassword lost_password\">\n\t\t\t\t<a href=\"https:\/\/ditcombi.com\/pl\/moje-konto\/lost-password\/\">Nie pami\u0119tasz has\u0142a?<\/a>\n\t\t\t<\/p>\n\n\t\t\t\n\t\t<\/form>\n\n\n\t<\/div>\n\n\t<div class=\"u-column2 col-2\">\n\n\t\t<h2>Zarejestruj si\u0119<\/h2>\n\n\t\t<form method=\"post\" class=\"woocommerce-form woocommerce-form-register register\"  >\n\n\t\t\t\n\t\t\t\n\t\t\t<p class=\"woocommerce-form-row woocommerce-form-row--wide form-row form-row-wide\">\n\t\t\t\t<label for=\"reg_email\">Adres e-mail&nbsp;<span class=\"required\">*<\/span><\/label>\n\t\t\t\t<input type=\"email\" class=\"woocommerce-Input woocommerce-Input--text input-text\" name=\"email\" id=\"reg_email\" autocomplete=\"email\" value=\"\" \/>\t\t\t<\/p>\n\n\t\t\t\n\t\t\t\t<p class=\"woocommerce-form-row woocommerce-form-row--wide form-row form-row-wide\">\n\t\t\t\t\t<label for=\"reg_password\">Has\u0142o&nbsp;<span class=\"required\">*<\/span><\/label>\n\t\t\t\t\t<input type=\"password\" class=\"woocommerce-Input woocommerce-Input--text input-text\" name=\"password\" id=\"reg_password\" autocomplete=\"new-password\" \/>\n\t\t\t\t<\/p>\n\n\t\t\t\n\t\t\t\t<p class=\"form-row form-row-wide\">\n\t\t<label for=\"reg_password2\">Potwierd\u017a has\u0142o\n <span class=\"required\">*<\/span><\/label>\n\t\t<input type=\"password\" class=\"input-text\" name=\"password2\" id=\"reg_password2\" value=\"\" \/>\n\t<\/p>\n\t<p class=\"form-row validate-required\" id=\"billing_first_name_field\" data-priority=\"\"><label for=\"billing_first_name\" class=\"required_field\">Imi\u0119&nbsp;<span class=\"required\" aria-hidden=\"true\">*<\/span><\/label><span class=\"woocommerce-input-wrapper\"><input type=\"text\" class=\"input-text \" name=\"billing_first_name\" id=\"billing_first_name\" placeholder=\"\"  value=\"\" aria-required=\"true\" \/><\/span><\/p><p class=\"form-row validate-required\" id=\"billing_last_name_field\" data-priority=\"\"><label for=\"billing_last_name\" class=\"required_field\">Nazwisko&nbsp;<span class=\"required\" aria-hidden=\"true\">*<\/span><\/label><span class=\"woocommerce-input-wrapper\"><input type=\"text\" class=\"input-text \" name=\"billing_last_name\" id=\"billing_last_name\" placeholder=\"\"  value=\"\" aria-required=\"true\" \/><\/span><\/p><p class=\"form-row \" id=\"billing_company_field\" data-priority=\"\"><label for=\"billing_company\" class=\"\">Nazwa Firmy&nbsp;<span class=\"optional\">(opcjonalne)<\/span><\/label><span class=\"woocommerce-input-wrapper\"><input type=\"text\" class=\"input-text \" name=\"billing_company\" id=\"billing_company\" placeholder=\"\"  value=\"\"  \/><\/span><\/p><p class=\"form-row \" id=\"billing_vat_number_field\" data-priority=\"\"><label for=\"billing_vat_number\" class=\"\">NIP&nbsp;<span class=\"optional\">(opcjonalne)<\/span><\/label><span class=\"woocommerce-input-wrapper\"><input type=\"text\" class=\"input-text \" name=\"billing_vat_number\" id=\"billing_vat_number\" placeholder=\"\"  value=\"\"  \/><\/span><\/p><wc-order-attribution-inputs><\/wc-order-attribution-inputs><div class=\"woocommerce-privacy-policy-text\"><p>Twoje dane osobowe b\u0119d\u0105 u\u017cyte do przetworzenia twojego zam\u00f3wienia, obs\u0142ugi twojej wizyty na naszej stronie oraz dla innych cel\u00f3w o kt\u00f3rych m\u00f3wi nasza <a href=\"https:\/\/ditcombi.com\/pl\/polityka-prywatnosci\/\" class=\"woocommerce-privacy-policy-link\" target=\"_blank\">polityka prywatno\u015bci<\/a>.<\/p>\n<\/div>\n\t\t\t<p class=\"woocommerce-form-row form-row\">\n\t\t\t\t<input type=\"hidden\" id=\"woocommerce-register-nonce\" name=\"woocommerce-register-nonce\" value=\"b8d5068eaa\" \/><input type=\"hidden\" name=\"_wp_http_referer\" value=\"\/pl\/wp-json\/wp\/v2\/pages\/3126\" \/>\t\t\t\t<button type=\"submit\" class=\"woocommerce-Button woocommerce-button button woocommerce-form-register__submit\" name=\"register\" value=\"Zarejestruj si\u0119\">Zarejestruj si\u0119<\/button>\n\t\t\t<\/p>\n\n\t\t\t\n\t\t<\/form>\n\n\t<\/div>\n\n<\/div>\n\n<\/div>\n\t\t\t\t\t\t\t\t<\/div>\n\t\t\t\t<\/div>\n\t\t\t\t\t<\/div>\n\t\t<\/div>\n\t\t\t\t\t<\/div>\n\t\t<\/section>\n\t\t\t\t<\/div>\n\t\t","protected":false},"excerpt":{"rendered":"","protected":false},"author":1,"featured_media":0,"parent":0,"menu_order":0,"comment_status":"closed","ping_status":"closed","template":"","meta":{"_acf_changed":false,"site-sidebar-layout":"no-sidebar","site-content-layout":"page-builder","ast-site-content-layout":"","site-content-style":"default","site-sidebar-style":"default","ast-global-header-display":"","ast-banner-title-visibility":"","ast-main-header-display":"disabled","ast-hfb-above-header-display":"","ast-hfb-below-header-display":"","ast-hfb-mobile-header-display":"","site-post-title":"disabled","ast-breadcrumbs-content":"","ast-featured-img":"","footer-sml-layout":"","theme-transparent-header-meta":"default","adv-header-id-meta":"","stick-header-meta":"","header-above-stick-meta":"","header-main-stick-meta":"","header-below-stick-meta":"","astra-migrate-meta-layouts":"default","ast-page-background-enabled":"default","ast-page-background-meta":{"desktop":{"background-color":"","background-image":"","background-repeat":"repeat","background-position":"center center","background-size":"auto","background-attachment":"scroll","background-type":"","background-media":"","overlay-type":"","overlay-color":"","overlay-opacity":"","overlay-gradient":""},"tablet":{"background-color":"","background-image":"","background-repeat":"repeat","background-position":"center center","background-size":"auto","background-attachment":"scroll","background-type":"","background-media":"","overlay-type":"","overlay-color":"","overlay-opacity":"","overlay-gradient":""},"mobile":{"background-color":"","background-image":"","background-repeat":"repeat","background-position":"center center","background-size":"auto","background-attachment":"scroll","background-type":"","background-media":"","overlay-type":"","overlay-color":"","overlay-opacity":"","overlay-gradient":""}},"ast-content-background-meta":{"desktop":{"background-color":"var(--ast-global-color-5)","background-image":"","background-repeat":"repeat","background-position":"center center","background-size":"auto","background-attachment":"scroll","background-type":"","background-media":"","overlay-type":"","overlay-color":"","overlay-opacity":"","overlay-gradient":""},"tablet":{"background-color":"var(--ast-global-color-5)","background-image":"","background-repeat":"repeat","background-position":"center center","background-size":"auto","background-attachment":"scroll","background-type":"","background-media":"","overlay-type":"","overlay-color":"","overlay-opacity":"","overlay-gradient":""},"mobile":{"background-color":"var(--ast-global-color-5)","background-image":"","background-repeat":"repeat","background-position":"center center","background-size":"auto","background-attachment":"scroll","background-type":"","background-media":"","overlay-type":"","overlay-color":"","overlay-opacity":"","overlay-gradient":""}},"footnotes":""},"class_list":["post-3126","page","type-page","status-publish","hentry"],"acf":[],"yoast_head":"<!-- This site is optimized with the Yoast SEO plugin v26.7 - https:\/\/yoast.com\/wordpress\/plugins\/seo\/ -->\n<title>Moje konto - DitCombi<\/title>\n<meta name=\"robots\" content=\"index, follow, max-snippet:-1, max-image-preview:large, max-video-preview:-1\" \/>\n<link rel=\"canonical\" href=\"https:\/\/ditcombi.com\/pl\/moje-konto\/\" \/>\n<meta property=\"og:locale\" content=\"pl_PL\" \/>\n<meta property=\"og:type\" content=\"article\" \/>\n<meta property=\"og:title\" content=\"Moje konto - DitCombi\" \/>\n<meta property=\"og:url\" content=\"https:\/\/ditcombi.com\/pl\/moje-konto\/\" \/>\n<meta property=\"og:site_name\" content=\"DitCombi\" \/>\n<meta property=\"article:modified_time\" content=\"2024-01-16T15:03:37+00:00\" \/>\n<meta name=\"twitter:card\" content=\"summary_large_image\" \/>\n<script type=\"application\/ld+json\" class=\"yoast-schema-graph\">{\"@context\":\"https:\/\/schema.org\",\"@graph\":[{\"@type\":\"WebPage\",\"@id\":\"https:\/\/ditcombi.com\/pl\/moje-konto\/\",\"url\":\"https:\/\/ditcombi.com\/pl\/moje-konto\/\",\"name\":\"Moje konto - DitCombi\",\"isPartOf\":{\"@id\":\"https:\/\/ditcombi.com\/#website\"},\"datePublished\":\"2020-12-01T12:36:46+00:00\",\"dateModified\":\"2024-01-16T15:03:37+00:00\",\"breadcrumb\":{\"@id\":\"https:\/\/ditcombi.com\/pl\/moje-konto\/#breadcrumb\"},\"inLanguage\":\"pl-PL\",\"potentialAction\":[{\"@type\":\"ReadAction\",\"target\":[\"https:\/\/ditcombi.com\/pl\/moje-konto\/\"]}]},{\"@type\":\"BreadcrumbList\",\"@id\":\"https:\/\/ditcombi.com\/pl\/moje-konto\/#breadcrumb\",\"itemListElement\":[{\"@type\":\"ListItem\",\"position\":1,\"name\":\"Home\",\"item\":\"https:\/\/ditcombi.com\/fr\/\"},{\"@type\":\"ListItem\",\"position\":2,\"name\":\"Moje konto\"}]},{\"@type\":\"WebSite\",\"@id\":\"https:\/\/ditcombi.com\/#website\",\"url\":\"https:\/\/ditcombi.com\/\",\"name\":\"DitCombi\",\"description\":\"DIT Combi \u2026 60 Years of Danish Quality cleaning trolleys \u2026 Valget er DIT\",\"publisher\":{\"@id\":\"https:\/\/ditcombi.com\/#organization\"},\"potentialAction\":[{\"@type\":\"SearchAction\",\"target\":{\"@type\":\"EntryPoint\",\"urlTemplate\":\"https:\/\/ditcombi.com\/?s={search_term_string}\"},\"query-input\":{\"@type\":\"PropertyValueSpecification\",\"valueRequired\":true,\"valueName\":\"search_term_string\"}}],\"inLanguage\":\"pl-PL\"},{\"@type\":\"Organization\",\"@id\":\"https:\/\/ditcombi.com\/#organization\",\"name\":\"DIT Combi \u2013 Cleaning trolleys, Danish design since 1962\",\"url\":\"https:\/\/ditcombi.com\/\",\"logo\":{\"@type\":\"ImageObject\",\"inLanguage\":\"pl-PL\",\"@id\":\"https:\/\/ditcombi.com\/#\/schema\/logo\/image\/\",\"url\":\"https:\/\/ditcombi.com\/wp-content\/uploads\/2020\/09\/cropped-ditlogocrp-1.png\",\"contentUrl\":\"https:\/\/ditcombi.com\/wp-content\/uploads\/2020\/09\/cropped-ditlogocrp-1.png\",\"width\":150,\"height\":50,\"caption\":\"DIT Combi \u2013 Cleaning trolleys, Danish design since 1962\"},\"image\":{\"@id\":\"https:\/\/ditcombi.com\/#\/schema\/logo\/image\/\"}}]}<\/script>\n<!-- \/ Yoast SEO plugin. -->","yoast_head_json":{"title":"Moje konto - DitCombi","robots":{"index":"index","follow":"follow","max-snippet":"max-snippet:-1","max-image-preview":"max-image-preview:large","max-video-preview":"max-video-preview:-1"},"canonical":"https:\/\/ditcombi.com\/pl\/moje-konto\/","og_locale":"pl_PL","og_type":"article","og_title":"Moje konto - DitCombi","og_url":"https:\/\/ditcombi.com\/pl\/moje-konto\/","og_site_name":"DitCombi","article_modified_time":"2024-01-16T15:03:37+00:00","twitter_card":"summary_large_image","schema":{"@context":"https:\/\/schema.org","@graph":[{"@type":"WebPage","@id":"https:\/\/ditcombi.com\/pl\/moje-konto\/","url":"https:\/\/ditcombi.com\/pl\/moje-konto\/","name":"Moje konto - DitCombi","isPartOf":{"@id":"https:\/\/ditcombi.com\/#website"},"datePublished":"2020-12-01T12:36:46+00:00","dateModified":"2024-01-16T15:03:37+00:00","breadcrumb":{"@id":"https:\/\/ditcombi.com\/pl\/moje-konto\/#breadcrumb"},"inLanguage":"pl-PL","potentialAction":[{"@type":"ReadAction","target":["https:\/\/ditcombi.com\/pl\/moje-konto\/"]}]},{"@type":"BreadcrumbList","@id":"https:\/\/ditcombi.com\/pl\/moje-konto\/#breadcrumb","itemListElement":[{"@type":"ListItem","position":1,"name":"Home","item":"https:\/\/ditcombi.com\/fr\/"},{"@type":"ListItem","position":2,"name":"Moje konto"}]},{"@type":"WebSite","@id":"https:\/\/ditcombi.com\/#website","url":"https:\/\/ditcombi.com\/","name":"DitCombi","description":"DIT Combi \u2026 60 Years of Danish Quality cleaning trolleys \u2026 Valget er DIT","publisher":{"@id":"https:\/\/ditcombi.com\/#organization"},"potentialAction":[{"@type":"SearchAction","target":{"@type":"EntryPoint","urlTemplate":"https:\/\/ditcombi.com\/?s={search_term_string}"},"query-input":{"@type":"PropertyValueSpecification","valueRequired":true,"valueName":"search_term_string"}}],"inLanguage":"pl-PL"},{"@type":"Organization","@id":"https:\/\/ditcombi.com\/#organization","name":"DIT Combi \u2013 Cleaning trolleys, Danish design since 1962","url":"https:\/\/ditcombi.com\/","logo":{"@type":"ImageObject","inLanguage":"pl-PL","@id":"https:\/\/ditcombi.com\/#\/schema\/logo\/image\/","url":"https:\/\/ditcombi.com\/wp-content\/uploads\/2020\/09\/cropped-ditlogocrp-1.png","contentUrl":"https:\/\/ditcombi.com\/wp-content\/uploads\/2020\/09\/cropped-ditlogocrp-1.png","width":150,"height":50,"caption":"DIT Combi \u2013 Cleaning trolleys, Danish design since 1962"},"image":{"@id":"https:\/\/ditcombi.com\/#\/schema\/logo\/image\/"}}]}},"_links":{"self":[{"href":"https:\/\/ditcombi.com\/pl\/wp-json\/wp\/v2\/pages\/3126","targetHints":{"allow":["GET"]}}],"collection":[{"href":"https:\/\/ditcombi.com\/pl\/wp-json\/wp\/v2\/pages"}],"about":[{"href":"https:\/\/ditcombi.com\/pl\/wp-json\/wp\/v2\/types\/page"}],"author":[{"embeddable":true,"href":"https:\/\/ditcombi.com\/pl\/wp-json\/wp\/v2\/users\/1"}],"replies":[{"embeddable":true,"href":"https:\/\/ditcombi.com\/pl\/wp-json\/wp\/v2\/comments?post=3126"}],"version-history":[{"count":1,"href":"https:\/\/ditcombi.com\/pl\/wp-json\/wp\/v2\/pages\/3126\/revisions"}],"predecessor-version":[{"id":16123,"href":"https:\/\/ditcombi.com\/pl\/wp-json\/wp\/v2\/pages\/3126\/revisions\/16123"}],"wp:attachment":[{"href":"https:\/\/ditcombi.com\/pl\/wp-json\/wp\/v2\/media?parent=3126"}],"curies":[{"name":"wp","href":"https:\/\/api.w.org\/{rel}","templated":true}]}}