{"id":8300,"date":"2021-01-06T14:52:55","date_gmt":"2021-01-06T14:52:55","guid":{"rendered":"http:\/\/ditcomb.ditcombi.com\/product\/wozek-2x18-l-oe75-mm-raczka\/"},"modified":"2024-01-18T18:04:28","modified_gmt":"2024-01-18T18:04:28","slug":"wozek-2x18-l-oe75-mm-raczka","status":"publish","type":"product","link":"https:\/\/ditcombi.com\/pl\/produkt\/wozek-2x18-l-oe75-mm-raczka\/","title":{"rendered":"W\u00d3ZEK 2&#215;18 L. \u00f875 MM + R\u0104CZKA"},"content":{"rendered":"<p>Danish Trolley Design since 1962, manufactured for professional cleaning. The natural Rilsan coating has protected our users and products for nearly six decades.<\/p>\n","protected":false},"excerpt":{"rendered":"<p>Danish Trolley Design since 1962, manufactured for professional cleaning. The natural Rilsan coating has protected our users and products for nearly six decades.<\/p>\n","protected":false},"featured_media":3252,"template":"","meta":{"_acf_changed":false,"site-sidebar-layout":"no-sidebar","site-content-layout":"page-builder","ast-site-content-layout":"","site-content-style":"default","site-sidebar-style":"default","ast-global-header-display":"","ast-banner-title-visibility":"","ast-main-header-display":"","ast-hfb-above-header-display":"","ast-hfb-below-header-display":"","ast-hfb-mobile-header-display":"","site-post-title":"","ast-breadcrumbs-content":"","ast-featured-img":"","footer-sml-layout":"","theme-transparent-header-meta":"default","adv-header-id-meta":"","stick-header-meta":"","header-above-stick-meta":"","header-main-stick-meta":"","header-below-stick-meta":"","astra-migrate-meta-layouts":"default","ast-page-background-enabled":"default","ast-page-background-meta":{"desktop":{"background-color":"","background-image":"","background-repeat":"repeat","background-position":"center center","background-size":"auto","background-attachment":"scroll","background-type":"","background-media":"","overlay-type":"","overlay-color":"","overlay-opacity":"","overlay-gradient":""},"tablet":{"background-color":"","background-image":"","background-repeat":"repeat","background-position":"center center","background-size":"auto","background-attachment":"scroll","background-type":"","background-media":"","overlay-type":"","overlay-color":"","overlay-opacity":"","overlay-gradient":""},"mobile":{"background-color":"","background-image":"","background-repeat":"repeat","background-position":"center center","background-size":"auto","background-attachment":"scroll","background-type":"","background-media":"","overlay-type":"","overlay-color":"","overlay-opacity":"","overlay-gradient":""}},"ast-content-background-meta":{"desktop":{"background-color":"var(--ast-global-color-5)","background-image":"","background-repeat":"repeat","background-position":"center center","background-size":"auto","background-attachment":"scroll","background-type":"","background-media":"","overlay-type":"","overlay-color":"","overlay-opacity":"","overlay-gradient":""},"tablet":{"background-color":"var(--ast-global-color-5)","background-image":"","background-repeat":"repeat","background-position":"center center","background-size":"auto","background-attachment":"scroll","background-type":"","background-media":"","overlay-type":"","overlay-color":"","overlay-opacity":"","overlay-gradient":""},"mobile":{"background-color":"var(--ast-global-color-5)","background-image":"","background-repeat":"repeat","background-position":"center center","background-size":"auto","background-attachment":"scroll","background-type":"","background-media":"","overlay-type":"","overlay-color":"","overlay-opacity":"","overlay-gradient":""}}},"product_brand":[],"product_cat":[427,419],"product_tag":[474],"class_list":{"0":"post-8300","1":"product","2":"type-product","3":"status-publish","4":"has-post-thumbnail","6":"product_cat-non-combi-trolleys-3-buckets-single-double-wetmop-trolleys-da","7":"product_cat-dit-non-combi-trolleys-da","8":"product_tag-trolley-da","9":"desktop-align-center","10":"tablet-align-center","11":"mobile-align-center","13":"first","14":"instock","15":"taxable","16":"shipping-taxable","17":"purchasable","18":"product-type-simple"},"acf":[],"yoast_head":"<!-- This site is optimized with the Yoast SEO plugin v26.7 - https:\/\/yoast.com\/wordpress\/plugins\/seo\/ -->\n<title>W\u00d3ZEK 2x18 L. \u00f875 MM + R\u0104CZKA - DitCombi<\/title>\n<meta name=\"robots\" content=\"index, follow, max-snippet:-1, max-image-preview:large, max-video-preview:-1\" \/>\n<link rel=\"canonical\" href=\"https:\/\/ditcombi.com\/vare\/wetmopvogn-2x18l-haandt-oe75\/\" \/>\n<meta property=\"og:locale\" content=\"pl_PL\" \/>\n<meta property=\"og:type\" content=\"article\" \/>\n<meta property=\"og:title\" content=\"W\u00d3ZEK 2x18 L. \u00f875 MM + R\u0104CZKA - DitCombi\" \/>\n<meta property=\"og:description\" content=\"Danish Trolley Design since 1962, manufactured for professional cleaning. The natural Rilsan coating has protected our users and products for nearly six decades.\" \/>\n<meta property=\"og:url\" content=\"https:\/\/ditcombi.com\/vare\/wetmopvogn-2x18l-haandt-oe75\/\" \/>\n<meta property=\"og:site_name\" content=\"DitCombi\" \/>\n<meta property=\"article:modified_time\" content=\"2024-01-18T18:04:28+00:00\" \/>\n<meta property=\"og:image\" content=\"https:\/\/ditcombi.com\/wp-content\/uploads\/2020\/12\/600327.jpg\" \/>\n\t<meta property=\"og:image:width\" content=\"800\" \/>\n\t<meta property=\"og:image:height\" content=\"600\" \/>\n\t<meta property=\"og:image:type\" content=\"image\/jpeg\" \/>\n<meta name=\"twitter:card\" content=\"summary_large_image\" \/>\n<script type=\"application\/ld+json\" class=\"yoast-schema-graph\">{\"@context\":\"https:\/\/schema.org\",\"@graph\":[{\"@type\":\"WebPage\",\"@id\":\"https:\/\/ditcombi.com\/vare\/wetmopvogn-2x18l-haandt-oe75\/\",\"url\":\"https:\/\/ditcombi.com\/vare\/wetmopvogn-2x18l-haandt-oe75\/\",\"name\":\"W\u00d3ZEK 2x18 L. \u00f875 MM + R\u0104CZKA - DitCombi\",\"isPartOf\":{\"@id\":\"https:\/\/ditcombi.com\/#website\"},\"primaryImageOfPage\":{\"@id\":\"https:\/\/ditcombi.com\/vare\/wetmopvogn-2x18l-haandt-oe75\/#primaryimage\"},\"image\":{\"@id\":\"https:\/\/ditcombi.com\/vare\/wetmopvogn-2x18l-haandt-oe75\/#primaryimage\"},\"thumbnailUrl\":\"https:\/\/ditcombi.com\/wp-content\/uploads\/2020\/12\/600327.jpg\",\"datePublished\":\"2021-01-06T14:52:55+00:00\",\"dateModified\":\"2024-01-18T18:04:28+00:00\",\"breadcrumb\":{\"@id\":\"https:\/\/ditcombi.com\/vare\/wetmopvogn-2x18l-haandt-oe75\/#breadcrumb\"},\"inLanguage\":\"pl-PL\",\"potentialAction\":[{\"@type\":\"ReadAction\",\"target\":[\"https:\/\/ditcombi.com\/vare\/wetmopvogn-2x18l-haandt-oe75\/\"]}]},{\"@type\":\"ImageObject\",\"inLanguage\":\"pl-PL\",\"@id\":\"https:\/\/ditcombi.com\/vare\/wetmopvogn-2x18l-haandt-oe75\/#primaryimage\",\"url\":\"https:\/\/ditcombi.com\/wp-content\/uploads\/2020\/12\/600327.jpg\",\"contentUrl\":\"https:\/\/ditcombi.com\/wp-content\/uploads\/2020\/12\/600327.jpg\",\"width\":800,\"height\":600},{\"@type\":\"BreadcrumbList\",\"@id\":\"https:\/\/ditcombi.com\/vare\/wetmopvogn-2x18l-haandt-oe75\/#breadcrumb\",\"itemListElement\":[{\"@type\":\"ListItem\",\"position\":1,\"name\":\"Home\",\"item\":\"https:\/\/ditcombi.com\/fr\/\"},{\"@type\":\"ListItem\",\"position\":2,\"name\":\"Varer\",\"item\":\"https:\/\/ditcombi.com\/shop\/\"},{\"@type\":\"ListItem\",\"position\":3,\"name\":\"W\u00d3ZEK 2&#215;18 L. \u00f875 MM + R\u0104CZKA\"}]},{\"@type\":\"WebSite\",\"@id\":\"https:\/\/ditcombi.com\/#website\",\"url\":\"https:\/\/ditcombi.com\/\",\"name\":\"DitCombi\",\"description\":\"DIT Combi \u2026 60 Years of Danish Quality cleaning trolleys \u2026 Valget er DIT\",\"publisher\":{\"@id\":\"https:\/\/ditcombi.com\/#organization\"},\"potentialAction\":[{\"@type\":\"SearchAction\",\"target\":{\"@type\":\"EntryPoint\",\"urlTemplate\":\"https:\/\/ditcombi.com\/?s={search_term_string}\"},\"query-input\":{\"@type\":\"PropertyValueSpecification\",\"valueRequired\":true,\"valueName\":\"search_term_string\"}}],\"inLanguage\":\"pl-PL\"},{\"@type\":\"Organization\",\"@id\":\"https:\/\/ditcombi.com\/#organization\",\"name\":\"DIT Combi \u2013 Cleaning trolleys, Danish design since 1962\",\"url\":\"https:\/\/ditcombi.com\/\",\"logo\":{\"@type\":\"ImageObject\",\"inLanguage\":\"pl-PL\",\"@id\":\"https:\/\/ditcombi.com\/#\/schema\/logo\/image\/\",\"url\":\"https:\/\/ditcombi.com\/wp-content\/uploads\/2020\/09\/cropped-ditlogocrp-1.png\",\"contentUrl\":\"https:\/\/ditcombi.com\/wp-content\/uploads\/2020\/09\/cropped-ditlogocrp-1.png\",\"width\":150,\"height\":50,\"caption\":\"DIT Combi \u2013 Cleaning trolleys, Danish design since 1962\"},\"image\":{\"@id\":\"https:\/\/ditcombi.com\/#\/schema\/logo\/image\/\"}}]}<\/script>\n<!-- \/ Yoast SEO plugin. -->","yoast_head_json":{"title":"W\u00d3ZEK 2x18 L. \u00f875 MM + R\u0104CZKA - DitCombi","robots":{"index":"index","follow":"follow","max-snippet":"max-snippet:-1","max-image-preview":"max-image-preview:large","max-video-preview":"max-video-preview:-1"},"canonical":"https:\/\/ditcombi.com\/vare\/wetmopvogn-2x18l-haandt-oe75\/","og_locale":"pl_PL","og_type":"article","og_title":"W\u00d3ZEK 2x18 L. \u00f875 MM + R\u0104CZKA - DitCombi","og_description":"Danish Trolley Design since 1962, manufactured for professional cleaning. The natural Rilsan coating has protected our users and products for nearly six decades.","og_url":"https:\/\/ditcombi.com\/vare\/wetmopvogn-2x18l-haandt-oe75\/","og_site_name":"DitCombi","article_modified_time":"2024-01-18T18:04:28+00:00","og_image":[{"width":800,"height":600,"url":"https:\/\/ditcombi.com\/wp-content\/uploads\/2020\/12\/600327.jpg","type":"image\/jpeg"}],"twitter_card":"summary_large_image","schema":{"@context":"https:\/\/schema.org","@graph":[{"@type":"WebPage","@id":"https:\/\/ditcombi.com\/vare\/wetmopvogn-2x18l-haandt-oe75\/","url":"https:\/\/ditcombi.com\/vare\/wetmopvogn-2x18l-haandt-oe75\/","name":"W\u00d3ZEK 2x18 L. \u00f875 MM + R\u0104CZKA - DitCombi","isPartOf":{"@id":"https:\/\/ditcombi.com\/#website"},"primaryImageOfPage":{"@id":"https:\/\/ditcombi.com\/vare\/wetmopvogn-2x18l-haandt-oe75\/#primaryimage"},"image":{"@id":"https:\/\/ditcombi.com\/vare\/wetmopvogn-2x18l-haandt-oe75\/#primaryimage"},"thumbnailUrl":"https:\/\/ditcombi.com\/wp-content\/uploads\/2020\/12\/600327.jpg","datePublished":"2021-01-06T14:52:55+00:00","dateModified":"2024-01-18T18:04:28+00:00","breadcrumb":{"@id":"https:\/\/ditcombi.com\/vare\/wetmopvogn-2x18l-haandt-oe75\/#breadcrumb"},"inLanguage":"pl-PL","potentialAction":[{"@type":"ReadAction","target":["https:\/\/ditcombi.com\/vare\/wetmopvogn-2x18l-haandt-oe75\/"]}]},{"@type":"ImageObject","inLanguage":"pl-PL","@id":"https:\/\/ditcombi.com\/vare\/wetmopvogn-2x18l-haandt-oe75\/#primaryimage","url":"https:\/\/ditcombi.com\/wp-content\/uploads\/2020\/12\/600327.jpg","contentUrl":"https:\/\/ditcombi.com\/wp-content\/uploads\/2020\/12\/600327.jpg","width":800,"height":600},{"@type":"BreadcrumbList","@id":"https:\/\/ditcombi.com\/vare\/wetmopvogn-2x18l-haandt-oe75\/#breadcrumb","itemListElement":[{"@type":"ListItem","position":1,"name":"Home","item":"https:\/\/ditcombi.com\/fr\/"},{"@type":"ListItem","position":2,"name":"Varer","item":"https:\/\/ditcombi.com\/shop\/"},{"@type":"ListItem","position":3,"name":"W\u00d3ZEK 2&#215;18 L. \u00f875 MM + R\u0104CZKA"}]},{"@type":"WebSite","@id":"https:\/\/ditcombi.com\/#website","url":"https:\/\/ditcombi.com\/","name":"DitCombi","description":"DIT Combi \u2026 60 Years of Danish Quality cleaning trolleys \u2026 Valget er DIT","publisher":{"@id":"https:\/\/ditcombi.com\/#organization"},"potentialAction":[{"@type":"SearchAction","target":{"@type":"EntryPoint","urlTemplate":"https:\/\/ditcombi.com\/?s={search_term_string}"},"query-input":{"@type":"PropertyValueSpecification","valueRequired":true,"valueName":"search_term_string"}}],"inLanguage":"pl-PL"},{"@type":"Organization","@id":"https:\/\/ditcombi.com\/#organization","name":"DIT Combi \u2013 Cleaning trolleys, Danish design since 1962","url":"https:\/\/ditcombi.com\/","logo":{"@type":"ImageObject","inLanguage":"pl-PL","@id":"https:\/\/ditcombi.com\/#\/schema\/logo\/image\/","url":"https:\/\/ditcombi.com\/wp-content\/uploads\/2020\/09\/cropped-ditlogocrp-1.png","contentUrl":"https:\/\/ditcombi.com\/wp-content\/uploads\/2020\/09\/cropped-ditlogocrp-1.png","width":150,"height":50,"caption":"DIT Combi \u2013 Cleaning trolleys, Danish design since 1962"},"image":{"@id":"https:\/\/ditcombi.com\/#\/schema\/logo\/image\/"}}]}},"_links":{"self":[{"href":"https:\/\/ditcombi.com\/pl\/wp-json\/wp\/v2\/product\/8300","targetHints":{"allow":["GET"]}}],"collection":[{"href":"https:\/\/ditcombi.com\/pl\/wp-json\/wp\/v2\/product"}],"about":[{"href":"https:\/\/ditcombi.com\/pl\/wp-json\/wp\/v2\/types\/product"}],"version-history":[{"count":1,"href":"https:\/\/ditcombi.com\/pl\/wp-json\/wp\/v2\/product\/8300\/revisions"}],"predecessor-version":[{"id":16278,"href":"https:\/\/ditcombi.com\/pl\/wp-json\/wp\/v2\/product\/8300\/revisions\/16278"}],"wp:featuredmedia":[{"embeddable":true,"href":"https:\/\/ditcombi.com\/pl\/wp-json\/wp\/v2\/media\/3252"}],"wp:attachment":[{"href":"https:\/\/ditcombi.com\/pl\/wp-json\/wp\/v2\/media?parent=8300"}],"wp:term":[{"taxonomy":"product_brand","embeddable":true,"href":"https:\/\/ditcombi.com\/pl\/wp-json\/wp\/v2\/product_brand?post=8300"},{"taxonomy":"product_cat","embeddable":true,"href":"https:\/\/ditcombi.com\/pl\/wp-json\/wp\/v2\/product_cat?post=8300"},{"taxonomy":"product_tag","embeddable":true,"href":"https:\/\/ditcombi.com\/pl\/wp-json\/wp\/v2\/product_tag?post=8300"}],"curies":[{"name":"wp","href":"https:\/\/api.w.org\/{rel}","templated":true}]}}